{"id":215,"date":"2019-06-07T15:51:12","date_gmt":"2019-06-07T13:51:12","guid":{"rendered":"http:\/\/stage.cegepgarneau.ca\/?page_id=215"},"modified":"2025-02-24T09:51:50","modified_gmt":"2025-02-24T14:51:50","slug":"realisations","status":"publish","type":"page","link":"https:\/\/fondation.cegepgarneau.ca\/index.php\/realisations\/","title":{"rendered":"R\u00e9alisations"},"content":{"rendered":"<p>[et_pb_section fb_built=\u00a0\u00bb1&Prime; _builder_version=\u00a0\u00bb4.16&Prime; custom_padding=\u00a0\u00bb60px||0px|||\u00a0\u00bb global_colors_info=\u00a0\u00bb{}\u00a0\u00bb][et_pb_row _builder_version=\u00a0\u00bb4.16&Prime; global_colors_info=\u00a0\u00bb{}\u00a0\u00bb][et_pb_column type=\u00a0\u00bb4_4&Prime; _builder_version=\u00a0\u00bb4.16&Prime; custom_padding=\u00a0\u00bb|||\u00a0\u00bb global_colors_info=\u00a0\u00bb{}\u00a0\u00bb custom_padding__hover=\u00a0\u00bb|||\u00a0\u00bb][et_pb_text _builder_version=\u00a0\u00bb4.21.0&Prime; text_font=\u00a0\u00bb||||||||\u00a0\u00bb text_font_size=\u00a0\u00bb30px\u00a0\u00bb global_colors_info=\u00a0\u00bb{}\u00a0\u00bb]<\/p>\n<p>LES GRANDS PROJETS R\u00c9ALIS\u00c9S AU FIL DES ANN\u00c9ES<\/p>\n<p>[\/et_pb_text][\/et_pb_column][\/et_pb_row][\/et_pb_section][et_pb_section fb_built=\u00a0\u00bb1&Prime; _builder_version=\u00a0\u00bb4.23.4&Prime; _module_preset=\u00a0\u00bbdefault\u00a0\u00bb custom_padding=\u00a0\u00bb0px||0px|||\u00a0\u00bb global_colors_info=\u00a0\u00bb{}\u00a0\u00bb][et_pb_row _builder_version=\u00a0\u00bb4.23.4&Prime; _module_preset=\u00a0\u00bbdefault\u00a0\u00bb global_colors_info=\u00a0\u00bb{}\u00a0\u00bb custom_padding=\u00a0\u00bb0px|||||\u00a0\u00bb][et_pb_column type=\u00a0\u00bb4_4&Prime; _builder_version=\u00a0\u00bb4.23.4&Prime; _module_preset=\u00a0\u00bbdefault\u00a0\u00bb global_colors_info=\u00a0\u00bb{}\u00a0\u00bb][et_pb_slider use_text_overlay=\u00a0\u00bbon\u00a0\u00bb _builder_version=\u00a0\u00bb4.16&Prime; auto=\u00a0\u00bbon\u00a0\u00bb auto_speed=\u00a0\u00bb3500&Prime; auto_ignore_hover=\u00a0\u00bbon\u00a0\u00bb background_last_edited=\u00a0\u00bboff|desktop\u00a0\u00bb global_colors_info=\u00a0\u00bb{}\u00a0\u00bb][et_pb_slide heading=\u00a0\u00bbLa biblioth\u00e8que r\u00e9invent\u00e9e\u00a0\u00bb use_bg_overlay=\u00a0\u00bboff\u00a0\u00bb use_text_overlay=\u00a0\u00bbon\u00a0\u00bb _builder_version=\u00a0\u00bb4.16&Prime; background_image=\u00a0\u00bbhttps:\/\/fondation.cegepgarneau.ca\/wp-content\/uploads\/2019\/06\/2017_Biblio-Actualites.jpg\u00a0\u00bb background_enable_image=\u00a0\u00bbon\u00a0\u00bb global_colors_info=\u00a0\u00bb{}\u00a0\u00bb sticky_transition=\u00a0\u00bbon\u00a0\u00bb][\/et_pb_slide][et_pb_slide use_text_overlay=\u00a0\u00bboff\u00a0\u00bb _builder_version=\u00a0\u00bb4.16&Prime; background_image=\u00a0\u00bbhttps:\/\/fondation.cegepgarneau.ca\/wp-content\/uploads\/2019\/06\/Lumiere.jpg\u00a0\u00bb background_enable_image=\u00a0\u00bbon\u00a0\u00bb background_position=\u00a0\u00bbbottom_left\u00a0\u00bb global_colors_info=\u00a0\u00bb{}\u00a0\u00bb sticky_transition=\u00a0\u00bbon\u00a0\u00bb][\/et_pb_slide][et_pb_slide heading=\u00a0\u00bbL&rsquo;\u00e9cole d&rsquo;entrepreneuriat de Qu\u00e9bec\u00a0\u00bb use_bg_overlay=\u00a0\u00bboff\u00a0\u00bb use_text_overlay=\u00a0\u00bbon\u00a0\u00bb _builder_version=\u00a0\u00bb4.16&Prime; background_image=\u00a0\u00bbhttps:\/\/fondation.cegepgarneau.ca\/wp-content\/uploads\/2019\/06\/DSC1.jpg\u00a0\u00bb background_enable_image=\u00a0\u00bbon\u00a0\u00bb background_position=\u00a0\u00bbcenter_right\u00a0\u00bb global_colors_info=\u00a0\u00bb{}\u00a0\u00bb sticky_transition=\u00a0\u00bbon\u00a0\u00bb][\/et_pb_slide][et_pb_slide use_text_overlay=\u00a0\u00bboff\u00a0\u00bb _builder_version=\u00a0\u00bb4.16&Prime; background_image=\u00a0\u00bbhttps:\/\/fondation.cegepgarneau.ca\/wp-content\/uploads\/2019\/06\/IMG_0444-Accueil.jpg\u00a0\u00bb background_enable_image=\u00a0\u00bbon\u00a0\u00bb global_colors_info=\u00a0\u00bb{}\u00a0\u00bb sticky_transition=\u00a0\u00bbon\u00a0\u00bb][\/et_pb_slide][et_pb_slide heading=\u00a0\u00bbLe terrain multisport\u00a0\u00bb use_bg_overlay=\u00a0\u00bboff\u00a0\u00bb use_text_overlay=\u00a0\u00bbon\u00a0\u00bb _builder_version=\u00a0\u00bb4.16&Prime; background_image=\u00a0\u00bbhttps:\/\/fondation.cegepgarneau.ca\/wp-content\/uploads\/2019\/06\/terrainmulti.jpeg\u00a0\u00bb background_enable_image=\u00a0\u00bbon\u00a0\u00bb global_colors_info=\u00a0\u00bb{}\u00a0\u00bb sticky_transition=\u00a0\u00bbon\u00a0\u00bb][\/et_pb_slide][et_pb_slide use_bg_overlay=\u00a0\u00bboff\u00a0\u00bb use_text_overlay=\u00a0\u00bboff\u00a0\u00bb _builder_version=\u00a0\u00bb4.16&Prime; background_image=\u00a0\u00bbhttps:\/\/fondation.cegepgarneau.ca\/wp-content\/uploads\/2019\/06\/Partie.jpg\u00a0\u00bb background_enable_image=\u00a0\u00bbon\u00a0\u00bb global_colors_info=\u00a0\u00bb{}\u00a0\u00bb sticky_transition=\u00a0\u00bbon\u00a0\u00bb][\/et_pb_slide][et_pb_slide heading=\u00a0\u00bbLa salle des pas perdus\u00a0\u00bb _builder_version=\u00a0\u00bb4.16&Prime; background_image=\u00a0\u00bbhttps:\/\/fondation.cegepgarneau.ca\/wp-content\/uploads\/2019\/06\/SalledesPas.jpg\u00a0\u00bb background_enable_image=\u00a0\u00bbon\u00a0\u00bb global_colors_info=\u00a0\u00bb{}\u00a0\u00bb sticky_transition=\u00a0\u00bbon\u00a0\u00bb][\/et_pb_slide][et_pb_slide heading=\u00a0\u00bbLa r\u00e9novation de l&rsquo;auditorium\u00a0\u00bb use_text_overlay=\u00a0\u00bbon\u00a0\u00bb _builder_version=\u00a0\u00bb4.16&Prime; background_image=\u00a0\u00bbhttps:\/\/fondation.cegepgarneau.ca\/wp-content\/uploads\/2019\/06\/Auditorium.jpg\u00a0\u00bb background_enable_image=\u00a0\u00bbon\u00a0\u00bb global_colors_info=\u00a0\u00bb{}\u00a0\u00bb sticky_transition=\u00a0\u00bbon\u00a0\u00bb][\/et_pb_slide][\/et_pb_slider][\/et_pb_column][\/et_pb_row][\/et_pb_section][et_pb_section fb_built=\u00a0\u00bb1&Prime; _builder_version=\u00a0\u00bb4.23.4&Prime; _module_preset=\u00a0\u00bbdefault\u00a0\u00bb custom_padding=\u00a0\u00bb0px||60px|||\u00a0\u00bb global_colors_info=\u00a0\u00bb{}\u00a0\u00bb][et_pb_row _builder_version=\u00a0\u00bb4.23.4&Prime; _module_preset=\u00a0\u00bbdefault\u00a0\u00bb custom_padding=\u00a0\u00bb0px|||||\u00a0\u00bb global_colors_info=\u00a0\u00bb{}\u00a0\u00bb][et_pb_column type=\u00a0\u00bb4_4&Prime; _builder_version=\u00a0\u00bb4.23.4&Prime; _module_preset=\u00a0\u00bbdefault\u00a0\u00bb global_colors_info=\u00a0\u00bb{}\u00a0\u00bb][et_pb_toggle title=\u00a0\u00bb2022 &#8211; Clinique d\u2019hygi\u00e8ne dentaire \u00e0 la fine pointe de la technologie &#8211; 175 000 $\u00a0\u00bb _builder_version=\u00a0\u00bb4.23.4&Prime; border_radii=\u00a0\u00bbon|1px|1px|1px|1px\u00a0\u00bb border_color_all=\u00a0\u00bb#7ac143&Prime; global_colors_info=\u00a0\u00bb{}\u00a0\u00bb]<\/p>\n<p>Apr\u00e8s plus de trente ans, la clinique-\u00e9cole o\u00f9 les \u00e9tudiant(e)s du programme de Techniques d\u2019hygi\u00e8ne dentaire re\u00e7oivent leur formation et pratiquent leurs apprentissages avait grand besoin d\u2019une cure de rajeunissement afin d&rsquo;offrir un environnement moderne, s\u00e9curitaire et stimulant aux membres de la communaut\u00e9 \u00e9tudiante, au personnel et \u00e0 sa client\u00e8le.<\/p>\n<p>Ce projet permettra \u00e0 la communaut\u00e9 \u00e9tudiante du C\u00e9gep Garneau de pouvoir compter sur une \u00e9ducation sup\u00e9rieure de qualit\u00e9 li\u00e9e aux r\u00e9alit\u00e9s du milieu dentaire en constante \u00e9volution. En comptant sur un environnement formateur \u00e0 la fine pointe de la technologie, les futurs hygi\u00e9nistes dentaires seront en mesure de proposer des soins optimaux, que ce soit dans les cabinets dentaires, qui font face \u00e0 une p\u00e9nurie importante de main-d\u2019\u0153uvre ou dans les nouveaux cabinets d\u2019hygi\u00e8ne dentaire. En effet, l\u2019adoption du projet de loi 15 au Qu\u00e9bec en 2020 a permis de reconna\u00eetre l\u2019autonomie des hygi\u00e9nistes dentaires qui peuvent maintenant poser plusieurs actes sans la supervision d&rsquo;un dentiste autrefois n\u00e9cessaire. Nous sommes fiers de pouvoir offrir \u00e0 nos \u00e9tudiantes et \u00e9tudiants une formation innovante qui leur permettra de d\u00e9velopper leur leadership et leur fibre entrepreneuriale.<\/p>\n<p>[\/et_pb_toggle][\/et_pb_column][\/et_pb_row][et_pb_row _builder_version=\u00a0\u00bb4.23.4&Prime; _module_preset=\u00a0\u00bbdefault\u00a0\u00bb custom_padding=\u00a0\u00bb0px|||||\u00a0\u00bb global_colors_info=\u00a0\u00bb{}\u00a0\u00bb][et_pb_column type=\u00a0\u00bb4_4&Prime; _builder_version=\u00a0\u00bb4.23.4&Prime; _module_preset=\u00a0\u00bbdefault\u00a0\u00bb global_colors_info=\u00a0\u00bb{}\u00a0\u00bb][et_pb_image src=\u00a0\u00bbhttps:\/\/fondation.cegepgarneau.ca\/wp-content\/uploads\/2024\/07\/1.png\u00a0\u00bb title_text=\u00a0\u00bb1&Prime; _builder_version=\u00a0\u00bb4.23.4&Prime; _module_preset=\u00a0\u00bbdefault\u00a0\u00bb global_colors_info=\u00a0\u00bb{}\u00a0\u00bb][\/et_pb_image][\/et_pb_column][\/et_pb_row][et_pb_row _builder_version=\u00a0\u00bb4.16&Prime; custom_padding=\u00a0\u00bb0px|||||\u00a0\u00bb global_colors_info=\u00a0\u00bb{}\u00a0\u00bb][et_pb_column type=\u00a0\u00bb4_4&Prime; _builder_version=\u00a0\u00bb4.16&Prime; custom_padding=\u00a0\u00bb|||\u00a0\u00bb global_colors_info=\u00a0\u00bb{}\u00a0\u00bb custom_padding__hover=\u00a0\u00bb|||\u00a0\u00bb][et_pb_toggle title=\u00a0\u00bb2017 &#8211; La biblioth\u00e8que r\u00e9invent\u00e9e &#8211; 1 Million $\u00a0\u00bb _builder_version=\u00a0\u00bb4.23.4&Prime; border_radii=\u00a0\u00bbon|1px|1px|1px|1px\u00a0\u00bb border_color_all=\u00a0\u00bb#7ac143&Prime; global_colors_info=\u00a0\u00bb{}\u00a0\u00bb]<\/p>\n<p style=\"text-align: justify;\">Les \u00e9tudiants et les professeurs du C\u00e9gep Garneau ont r\u00eav\u00e9 d\u2019une biblioth\u00e8que r\u00e9invent\u00e9e, empreinte de lumi\u00e8re, d\u2019espace, comme lieu d\u2019\u00e9tudes, de travail et de culture.\u00a0La Fondation a donc entrepris une grande campagne de financement \u00e0 l\u2019interne autour de ce projet qui a \u00e9t\u00e9 soutenu avec conviction par les \u00e9tudiants, leurs parents et le personnel du C\u00e9gep.<\/p>\n<p>R\u00e9inventer la biblioth\u00e8que : le projet est devenu r\u00e9el, alors que la construction commen\u00e7ait \u00e0 la fin de mai\u00a02016. Ce projet de 5 millions de dollars a \u00e9t\u00e9 suivi de pr\u00e8s par l\u2019ensemble de la communaut\u00e9. Les deux \u00e9tages de la biblioth\u00e8que, d\u2019une superficie de 40 000 pieds carr\u00e9s, ont \u00e9t\u00e9 ras\u00e9s pour faire place \u00e0 la lumi\u00e8re et au modernisme. Sous le signe de la nordicit\u00e9, le concept a r\u00e9ussi \u00e0 combler les attentes et l\u2019inauguration, en janvier\u00a02017, a permis de constater comment on pouvait transformer radicalement un lieu. Le financement est assur\u00e9 en large partie par la Fondation qui en a fait une cible d\u2019envergure \u00e0 laquelle tous les membres de la communaut\u00e9 ont adh\u00e9r\u00e9.<\/p>\n<p>[\/et_pb_toggle][\/et_pb_column][\/et_pb_row][et_pb_row _builder_version=\u00a0\u00bb4.23.4&Prime; _module_preset=\u00a0\u00bbdefault\u00a0\u00bb custom_padding=\u00a0\u00bb0px|||||\u00a0\u00bb global_colors_info=\u00a0\u00bb{}\u00a0\u00bb][et_pb_column type=\u00a0\u00bb4_4&Prime; _builder_version=\u00a0\u00bb4.23.4&Prime; _module_preset=\u00a0\u00bbdefault\u00a0\u00bb global_colors_info=\u00a0\u00bb{}\u00a0\u00bb][et_pb_image src=\u00a0\u00bbhttps:\/\/fondation.cegepgarneau.ca\/wp-content\/uploads\/2024\/07\/2.png\u00a0\u00bb title_text=\u00a0\u00bb2&Prime; _builder_version=\u00a0\u00bb4.23.4&Prime; _module_preset=\u00a0\u00bbdefault\u00a0\u00bb global_colors_info=\u00a0\u00bb{}\u00a0\u00bb][\/et_pb_image][\/et_pb_column][\/et_pb_row][et_pb_row _builder_version=\u00a0\u00bb4.23.4&Prime; _module_preset=\u00a0\u00bbdefault\u00a0\u00bb custom_padding=\u00a0\u00bb0px|||||\u00a0\u00bb global_colors_info=\u00a0\u00bb{}\u00a0\u00bb][et_pb_column type=\u00a0\u00bb4_4&Prime; _builder_version=\u00a0\u00bb4.23.4&Prime; _module_preset=\u00a0\u00bbdefault\u00a0\u00bb global_colors_info=\u00a0\u00bb{}\u00a0\u00bb][et_pb_toggle title=\u00a0\u00bb2015 &#8211; \u00c9cole d&rsquo;entrepreneuriat de Qu\u00e9bec &#8211; 250 000 $\u00a0\u00bb _builder_version=\u00a0\u00bb4.16&Prime; border_radii=\u00a0\u00bbon|1px|1px|1px|1px\u00a0\u00bb border_color_all=\u00a0\u00bb#7ac143&Prime; global_colors_info=\u00a0\u00bb{}\u00a0\u00bb]<\/p>\n<p style=\"text-align: justify;\">Le 25 ao\u00fbt 2015, un an jour pour jour apr\u00e8s la cr\u00e9ation de l\u2019Espace Entreprendre et du d\u00e9voilement du d\u00e9sir de mettre sur pied un lieu visant \u00e0 contribuer \u00e0 endiguer le d\u00e9ficit entrepreneurial au Qu\u00e9bec, le C\u00e9gep Garneau a annonc\u00e9 avec fiert\u00e9 le d\u00e9marrage de l\u2019\u00c9cole d\u2019entrepreneuriat de Qu\u00e9bec. La mission de cette \u00e9cole est de soutenir les aspirants entrepreneurs dans le d\u00e9marrage de leur entreprise. Engag\u00e9e dans sa communaut\u00e9, pr\u00e9occup\u00e9e par le d\u00e9veloppement \u00e9conomique de la grande r\u00e9gion de la Capitale-Nationale et celui du Qu\u00e9bec, l\u2019\u00c9cole d\u2019entrepreneuriat de Qu\u00e9bec accompagne nos entrepreneurs en devenir et se sp\u00e9cialise dans le d\u00e9veloppement des comp\u00e9tences n\u00e9cessaires et du requis pour r\u00e9ussir en affaires.<\/p>\n<p style=\"text-align: justify;\"><a href=\"http:\/\/ecoleentrepreneuriat.com\" target=\"_blank\" rel=\"noopener noreferrer\">\u00c9cole d&rsquo;entrepreneuriat de Qu\u00e9bec<\/a><\/p>\n<p>[\/et_pb_toggle][\/et_pb_column][\/et_pb_row][et_pb_row _builder_version=\u00a0\u00bb4.23.4&Prime; _module_preset=\u00a0\u00bbdefault\u00a0\u00bb custom_padding=\u00a0\u00bb0px|||||\u00a0\u00bb global_colors_info=\u00a0\u00bb{}\u00a0\u00bb][et_pb_column type=\u00a0\u00bb4_4&Prime; _builder_version=\u00a0\u00bb4.23.4&Prime; _module_preset=\u00a0\u00bbdefault\u00a0\u00bb global_colors_info=\u00a0\u00bb{}\u00a0\u00bb][et_pb_image src=\u00a0\u00bbhttps:\/\/fondation.cegepgarneau.ca\/wp-content\/uploads\/2024\/07\/3.png\u00a0\u00bb title_text=\u00a0\u00bb3&Prime; _builder_version=\u00a0\u00bb4.23.4&Prime; _module_preset=\u00a0\u00bbdefault\u00a0\u00bb global_colors_info=\u00a0\u00bb{}\u00a0\u00bb][\/et_pb_image][\/et_pb_column][\/et_pb_row][et_pb_row _builder_version=\u00a0\u00bb4.23.4&Prime; _module_preset=\u00a0\u00bbdefault\u00a0\u00bb custom_padding=\u00a0\u00bb0px|||||\u00a0\u00bb global_colors_info=\u00a0\u00bb{}\u00a0\u00bb][et_pb_column type=\u00a0\u00bb4_4&Prime; _builder_version=\u00a0\u00bb4.23.4&Prime; _module_preset=\u00a0\u00bbdefault\u00a0\u00bb global_colors_info=\u00a0\u00bb{}\u00a0\u00bb][et_pb_toggle title=\u00a0\u00bb2011-2015 -Terrain multisport et gradins pouvant accueillir 2 000 personnes &#8211; 680 000 $\u00a0\u00bb _builder_version=\u00a0\u00bb4.23.4&Prime; border_radii=\u00a0\u00bbon|1px|1px|1px|1px\u00a0\u00bb border_color_all=\u00a0\u00bb#7ac143&Prime; global_colors_info=\u00a0\u00bb{}\u00a0\u00bb]<\/p>\n<p style=\"text-align: justify;\">Au C\u00e9gep Garneau, le sport est synonyme d&rsquo;excellence, de r\u00e9ussite scolaire, de sentiment d&rsquo;appartenance et de sant\u00e9. Le C\u00e9gep est repr\u00e9sent\u00e9 par dix-neuf \u00e9quipes sportives dont quatre \u00e9voluent au niveau \u00e9lite (football AAA, volleyball AAA et soccer AAA, masculin et f\u00e9minin). La tradition d&rsquo;excellence des \u00e9quipes sportives du C\u00e9gep, les \u00c9lans, est reconnue partout au Qu\u00e9bec et aussi au Canada.<\/p>\n<p>[\/et_pb_toggle][\/et_pb_column][\/et_pb_row][et_pb_row _builder_version=\u00a0\u00bb4.23.4&Prime; _module_preset=\u00a0\u00bbdefault\u00a0\u00bb custom_padding=\u00a0\u00bb0px|||||\u00a0\u00bb global_colors_info=\u00a0\u00bb{}\u00a0\u00bb][et_pb_column type=\u00a0\u00bb4_4&Prime; _builder_version=\u00a0\u00bb4.23.4&Prime; _module_preset=\u00a0\u00bbdefault\u00a0\u00bb global_colors_info=\u00a0\u00bb{}\u00a0\u00bb][et_pb_image src=\u00a0\u00bbhttps:\/\/fondation.cegepgarneau.ca\/wp-content\/uploads\/2024\/07\/4.png\u00a0\u00bb title_text=\u00a0\u00bb4&Prime; _builder_version=\u00a0\u00bb4.23.4&Prime; _module_preset=\u00a0\u00bbdefault\u00a0\u00bb global_colors_info=\u00a0\u00bb{}\u00a0\u00bb][\/et_pb_image][\/et_pb_column][\/et_pb_row][et_pb_row _builder_version=\u00a0\u00bb4.23.4&Prime; _module_preset=\u00a0\u00bbdefault\u00a0\u00bb custom_padding=\u00a0\u00bb0px|||||\u00a0\u00bb global_colors_info=\u00a0\u00bb{}\u00a0\u00bb][et_pb_column type=\u00a0\u00bb4_4&Prime; _builder_version=\u00a0\u00bb4.23.4&Prime; _module_preset=\u00a0\u00bbdefault\u00a0\u00bb global_colors_info=\u00a0\u00bb{}\u00a0\u00bb][et_pb_toggle title=\u00a0\u00bb2011-2013 &#8211; R\u00e9novation de la salle des pas perdus et de la caf\u00e9t\u00e9ria \u2013 300 000 $\u00a0\u00bb _builder_version=\u00a0\u00bb4.16&Prime; border_radii=\u00a0\u00bbon|1px|1px|1px|1px\u00a0\u00bb border_color_all=\u00a0\u00bb#7ac143&Prime; global_colors_info=\u00a0\u00bb{}\u00a0\u00bb]<\/p>\n<p style=\"text-align: justify;\">Au c\u0153ur m\u00eame de la vie coll\u00e9giale, la salle des Pas perdus accueille chaque jour des milliers d\u2019\u00e9tudiants. Elle constitue un endroit de rassemblement, de d\u00e9tente, de partage et d\u2019\u00e9tude. On y retrouve la salle des casiers, le caf\u00e9 \u00e9tudiant, l\u2019Association \u00e9tudiante et ses comit\u00e9s de m\u00eame que la coop\u00e9rative \u00e9tudiante. \u00c0 l\u2019occasion, la salle devient le lieu d\u2019activit\u00e9s sociales et de salons divers. Le projet visait le r\u00e9am\u00e9nagement des locaux de l\u2019Association \u00e9tudiante, le d\u00e9gagement des fen\u00eatres, une ouverture sur la cour int\u00e9rieure pour l\u2019am\u00e9nagement d\u2019une terrasse, le remplacement du mobilier et l\u2019installation d\u2019une petite sc\u00e8ne pour la tenue de spectacles.<\/p>\n<p>[\/et_pb_toggle][\/et_pb_column][\/et_pb_row][et_pb_row _builder_version=\u00a0\u00bb4.23.4&Prime; _module_preset=\u00a0\u00bbdefault\u00a0\u00bb custom_padding=\u00a0\u00bb0px|||||\u00a0\u00bb global_colors_info=\u00a0\u00bb{}\u00a0\u00bb][et_pb_column type=\u00a0\u00bb4_4&Prime; _builder_version=\u00a0\u00bb4.23.4&Prime; _module_preset=\u00a0\u00bbdefault\u00a0\u00bb global_colors_info=\u00a0\u00bb{}\u00a0\u00bb][et_pb_toggle title=\u00a0\u00bb2007 &#8211; R\u00e9novation de l&rsquo;auditorium &#8211; 370 000 $ \u00a0\u00bb _builder_version=\u00a0\u00bb4.16&Prime; border_radii=\u00a0\u00bbon|1px|1px|1px|1px\u00a0\u00bb border_color_all=\u00a0\u00bb#7ac143&Prime; global_colors_info=\u00a0\u00bb{}\u00a0\u00bb]<\/p>\n<p style=\"text-align: justify;\">Lieu de vie, d\u2019expression et de d\u00e9couvertes, l\u2019auditorium est un endroit d\u00e9terminant pour le d\u00e9ploiement d\u2019activit\u00e9s socioculturelles ou p\u00e9dagogiques. Il est le lieu id\u00e9al pour les pr\u00e9sentations th\u00e9\u00e2trales, les prestations vocales ou d\u2019humour, ou encore, pour les assembl\u00e9es de personnel ou autre. Dot\u00e9 d\u2019une bonne sonorit\u00e9 et d\u2019un am\u00e9nagement intime et chaleureux, l\u2019auditorium compte 385 si\u00e8ges.<\/p>\n<p>[\/et_pb_toggle][\/et_pb_column][\/et_pb_row][et_pb_row _builder_version=\u00a0\u00bb4.23.4&Prime; _module_preset=\u00a0\u00bbdefault\u00a0\u00bb custom_padding=\u00a0\u00bb0px|||||\u00a0\u00bb global_colors_info=\u00a0\u00bb{}\u00a0\u00bb][et_pb_column type=\u00a0\u00bb4_4&Prime; _builder_version=\u00a0\u00bb4.23.4&Prime; _module_preset=\u00a0\u00bbdefault\u00a0\u00bb global_colors_info=\u00a0\u00bb{}\u00a0\u00bb][et_pb_toggle title=\u00a0\u00bb2000-2012 &#8211; Acquisition de mat\u00e9riel scientifique &#8211; 160 000 $ \u00a0\u00bb _builder_version=\u00a0\u00bb4.16&Prime; border_radii=\u00a0\u00bbon|1px|1px|1px|1px\u00a0\u00bb border_color_all=\u00a0\u00bb#7ac143&Prime; global_colors_info=\u00a0\u00bb{}\u00a0\u00bb]<\/p>\n<p style=\"text-align: justify;\">Ouvert \u00e0 toute la communaut\u00e9 coll\u00e9giale et \u00e0 la r\u00e9gion de Qu\u00e9bec, le <a href=\"https:\/\/www.cdsp.qc.ca\/\">Centre de d\u00e9monstration en sciences physiques<\/a> (CDSP) propose des conf\u00e9rences, des exp\u00e9riences, des ph\u00e9nom\u00e8nes, etc. Interpellant \u00e0 la fois les sens et l\u2019esprit, ces d\u00e9monstrations surprennent, intriguent, inspirent, \u00e9veillent la curiosit\u00e9 scientifique. Lieu d\u00e9di\u00e9 \u00e0 la vulgarisation scientifique, le CDSP assure un rayonnement important de Garneau au sein de la rel\u00e8ve \u00e9tudiante. L\u2019objectif de ce projet \u00e9tait d\u2019actualiser les \u00e9quipements du Centre.<\/p>\n<p>[\/et_pb_toggle][\/et_pb_column][\/et_pb_row][\/et_pb_section]<\/p>\n","protected":false},"excerpt":{"rendered":"<p>LES GRANDS PROJETS R\u00c9ALIS\u00c9S AU FIL DES ANN\u00c9ESApr\u00e8s plus de trente ans, la clinique-\u00e9cole o\u00f9 les \u00e9tudiant(e)s du programme de Techniques d\u2019hygi\u00e8ne dentaire re\u00e7oivent leur formation et pratiquent leurs apprentissages avait grand besoin d\u2019une cure de rajeunissement afin d&rsquo;offrir un environnement moderne, s\u00e9curitaire et stimulant aux membres de la communaut\u00e9 \u00e9tudiante, au personnel et \u00e0 [&hellip;]<\/p>\n","protected":false},"author":1,"featured_media":0,"parent":0,"menu_order":0,"comment_status":"closed","ping_status":"closed","template":"","meta":{"_et_pb_use_builder":"on","_et_pb_old_content":"","_et_gb_content_width":"","om_disable_all_campaigns":false,"_monsterinsights_skip_tracking":false,"_monsterinsights_sitenote_active":false,"_monsterinsights_sitenote_note":"","_monsterinsights_sitenote_category":0,"footnotes":""},"class_list":["post-215","page","type-page","status-publish","hentry"],"aioseo_notices":[],"_links":{"self":[{"href":"https:\/\/fondation.cegepgarneau.ca\/index.php\/wp-json\/wp\/v2\/pages\/215","targetHints":{"allow":["GET"]}}],"collection":[{"href":"https:\/\/fondation.cegepgarneau.ca\/index.php\/wp-json\/wp\/v2\/pages"}],"about":[{"href":"https:\/\/fondation.cegepgarneau.ca\/index.php\/wp-json\/wp\/v2\/types\/page"}],"author":[{"embeddable":true,"href":"https:\/\/fondation.cegepgarneau.ca\/index.php\/wp-json\/wp\/v2\/users\/1"}],"replies":[{"embeddable":true,"href":"https:\/\/fondation.cegepgarneau.ca\/index.php\/wp-json\/wp\/v2\/comments?post=215"}],"version-history":[{"count":92,"href":"https:\/\/fondation.cegepgarneau.ca\/index.php\/wp-json\/wp\/v2\/pages\/215\/revisions"}],"predecessor-version":[{"id":3266,"href":"https:\/\/fondation.cegepgarneau.ca\/index.php\/wp-json\/wp\/v2\/pages\/215\/revisions\/3266"}],"wp:attachment":[{"href":"https:\/\/fondation.cegepgarneau.ca\/index.php\/wp-json\/wp\/v2\/media?parent=215"}],"curies":[{"name":"wp","href":"https:\/\/api.w.org\/{rel}","templated":true}]}}