{"id":218,"date":"2019-06-07T15:53:47","date_gmt":"2019-06-07T13:53:47","guid":{"rendered":"http:\/\/stage.cegepgarneau.ca\/?page_id=218"},"modified":"2024-09-16T09:50:05","modified_gmt":"2024-09-16T13:50:05","slug":"temoignages","status":"publish","type":"page","link":"https:\/\/fondation.cegepgarneau.ca\/index.php\/temoignages\/","title":{"rendered":"T\u00e9moignages"},"content":{"rendered":"<p>[et_pb_section fb_built=\u00a0\u00bb1&Prime; _builder_version=\u00a0\u00bb4.16&Prime; global_colors_info=\u00a0\u00bb{}\u00a0\u00bb][et_pb_row _builder_version=\u00a0\u00bb4.16&Prime; global_colors_info=\u00a0\u00bb{}\u00a0\u00bb][et_pb_column type=\u00a0\u00bb4_4&Prime; _builder_version=\u00a0\u00bb4.16&Prime; custom_padding=\u00a0\u00bb|||\u00a0\u00bb global_colors_info=\u00a0\u00bb{}\u00a0\u00bb custom_padding__hover=\u00a0\u00bb|||\u00a0\u00bb][\/et_pb_column][\/et_pb_row][et_pb_row _builder_version=\u00a0\u00bb4.16&Prime; max_width=\u00a0\u00bb667px\u00a0\u00bb custom_padding=\u00a0\u00bb27px|15px|27px|15px|false|true\u00a0\u00bb box_shadow_style=\u00a0\u00bbpreset3&Prime; use_custom_width=\u00a0\u00bbon\u00a0\u00bb custom_width_px=\u00a0\u00bb667px\u00a0\u00bb global_colors_info=\u00a0\u00bb{}\u00a0\u00bb][et_pb_column type=\u00a0\u00bb4_4&Prime; _builder_version=\u00a0\u00bb4.16&Prime; custom_padding=\u00a0\u00bb|||\u00a0\u00bb global_colors_info=\u00a0\u00bb{}\u00a0\u00bb custom_padding__hover=\u00a0\u00bb|||\u00a0\u00bb][et_pb_text _builder_version=\u00a0\u00bb4.16&Prime; global_colors_info=\u00a0\u00bb{}\u00a0\u00bb]<\/p>\n<p style=\"text-align: center;\"><em>\u00catre laur\u00e9ate lors du Gala du m\u00e9rite \u00e9tudiant f\u00fbt \u00e0 la fois une \u00e9tonnante surprise et un bel honneur puisque cette bourse clos un chapitre important de mon parcours coll\u00e9gial tout en me donnant un coup de pouce financier pour poursuivre mes \u00e9tudes universitaires. En effet, cette bourse souligne ma plus grande r\u00e9ussite qui r\u00e9side dans mon engagement, lequel m\u2019a permis de d\u00e9velopper mon empathie, mon sens de l\u2019\u00e9coute ainsi que mon leadership. En tant que directrice du Service d\u2019organisation d\u2019\u00e9v\u00e9nements de Garneau Travail, j\u2019ai compris l\u2019importance de notions telles que le don de soi, l\u2019entraide et la pers\u00e9v\u00e9rance. J\u2019\u00e9prouve donc beaucoup de la fiert\u00e9 et de la gratitude pour cette marque de reconnaissance qui est une source de motivation pour mes implications futures.<\/em><\/p>\n<p style=\"text-align: center;\"><strong>Enya Bouchard .<\/strong><\/p>\n<p style=\"text-align: center;\">Laur\u00e9ate bourse Gaulin-Breton <em>\u00c9tudiante finissante de l&rsquo;ann\u00e9e<\/em><\/p>\n<p style=\"text-align: center;\">R\u00e9cipiendaire de la bourse <em>Directeur de l&rsquo;ann\u00e9e par Garneau Travail<\/em><\/p>\n<p style=\"text-align: center;\">R\u00e9cipiendaire de la bourse AVENIR &#8211; Entraide, paix et justice en tant que porte-parole du projet <em>Au sein de l&rsquo;Espoir<\/em><\/p>\n<p>[\/et_pb_text][\/et_pb_column][\/et_pb_row][et_pb_row _builder_version=\u00a0\u00bb4.16&Prime; max_width=\u00a0\u00bb667px\u00a0\u00bb custom_padding=\u00a0\u00bb|15px||15px||true\u00a0\u00bb box_shadow_style=\u00a0\u00bbpreset3&Prime; use_custom_width=\u00a0\u00bbon\u00a0\u00bb custom_width_px=\u00a0\u00bb667px\u00a0\u00bb global_colors_info=\u00a0\u00bb{}\u00a0\u00bb][et_pb_column type=\u00a0\u00bb4_4&Prime; _builder_version=\u00a0\u00bb4.16&Prime; custom_padding=\u00a0\u00bb|||\u00a0\u00bb global_colors_info=\u00a0\u00bb{}\u00a0\u00bb custom_padding__hover=\u00a0\u00bb|||\u00a0\u00bb][et_pb_text _builder_version=\u00a0\u00bb4.16&Prime; global_colors_info=\u00a0\u00bb{}\u00a0\u00bb]<\/p>\n<p style=\"text-align: center;\"><em>Je suis tr\u00e8s heureux d&rsquo;\u00eatre le Laur\u00e9at de la bourse offerte par le Service de police de la Ville de Qu\u00e9bec pour l&rsquo;engagement social en Techniques polici\u00e8res. De voir ainsi mon implication, mon travail et mon b\u00e9n\u00e9volat r\u00e9compens\u00e9s de la sorte est une source de motivation et une confirmation des choix que j&rsquo;ai exerc\u00e9s. Lorsque j&rsquo;ai re\u00e7u la bourse sur la sc\u00e8ne, j&rsquo;\u00e9tais fier de tout ce que j&rsquo;ai accompli.\u00a0<\/em><em>Cette bourse est un pas de plus vers la r\u00e9alisation de mon but ultime, soit celui d&rsquo;\u00eatre policier.\u00a0 C&rsquo;est une occasion en or pour nous, les \u00e9tudiants, que la Fondation du C\u00e9gep Garneau attribue de la sorte des bourses aux \u00e9tudiants. Je remercie sinc\u00e8rement la Fondation du C\u00e9gep Garneau ainsi que le Service de police de la Ville de Qu\u00e9bec de m&rsquo;avoir permis de recevoir cette bourse.<\/em><br \/> <em><\/em><\/p>\n<p style=\"text-align: center;\"><strong>Fran\u00e7ois-Vincent Tessier<\/strong><\/p>\n<p style=\"text-align: center;\">Laur\u00e9at bourse <em>Service de police de la Ville de Qu\u00e9bec pour l&rsquo;engagement social<\/em> en Techniques polici\u00e8res<\/p>\n<p style=\"text-align: center;\"><strong><\/strong><\/p>\n<p>[\/et_pb_text][\/et_pb_column][\/et_pb_row][et_pb_row _builder_version=\u00a0\u00bb4.16&Prime; max_width=\u00a0\u00bb667px\u00a0\u00bb custom_padding=\u00a0\u00bb|15px||15px||true\u00a0\u00bb box_shadow_style=\u00a0\u00bbpreset3&Prime; use_custom_width=\u00a0\u00bbon\u00a0\u00bb custom_width_px=\u00a0\u00bb667px\u00a0\u00bb global_colors_info=\u00a0\u00bb{}\u00a0\u00bb][et_pb_column type=\u00a0\u00bb4_4&Prime; _builder_version=\u00a0\u00bb4.16&Prime; custom_padding=\u00a0\u00bb|||\u00a0\u00bb global_colors_info=\u00a0\u00bb{}\u00a0\u00bb custom_padding__hover=\u00a0\u00bb|||\u00a0\u00bb][et_pb_text _builder_version=\u00a0\u00bb4.16&Prime; global_colors_info=\u00a0\u00bb{}\u00a0\u00bb]<\/p>\n<p style=\"text-align: center;\"><em>J\u2019aimerais remercier les professeurs (Patrick Daneau, Fr\u00e9d\u00e9rick T\u00eatu et Jon Paquin) qui m\u2019ont permis de d\u00e9velopper un int\u00e9r\u00eat pour la philosophie. Je suis fi\u00e8re d\u2019avoir re\u00e7u cette bourse.<\/em><br \/> <strong><\/strong><\/p>\n<p style=\"text-align: center;\"><strong>Agathe Legendre<\/strong><\/p>\n<p style=\"text-align: center;\">Laur\u00e9ate bourse d&rsquo;excellence en philosophie<\/p>\n<p style=\"text-align: center;\"><strong><\/strong><\/p>\n<p>[\/et_pb_text][\/et_pb_column][\/et_pb_row][et_pb_row _builder_version=\u00a0\u00bb4.16&Prime; max_width=\u00a0\u00bb667px\u00a0\u00bb custom_padding=\u00a0\u00bb|15px||15px||true\u00a0\u00bb box_shadow_style=\u00a0\u00bbpreset3&Prime; use_custom_width=\u00a0\u00bbon\u00a0\u00bb custom_width_px=\u00a0\u00bb667px\u00a0\u00bb global_colors_info=\u00a0\u00bb{}\u00a0\u00bb][et_pb_column type=\u00a0\u00bb4_4&Prime; _builder_version=\u00a0\u00bb4.16&Prime; custom_padding=\u00a0\u00bb|||\u00a0\u00bb global_colors_info=\u00a0\u00bb{}\u00a0\u00bb custom_padding__hover=\u00a0\u00bb|||\u00a0\u00bb][et_pb_text _builder_version=\u00a0\u00bb4.16&Prime; global_colors_info=\u00a0\u00bb{}\u00a0\u00bb]<\/p>\n<p style=\"text-align: center;\"><em>Comment d\u00e9crire les sentiments ressentis lors de cette soir\u00e9e m\u00e9morable?\u00a0 N\u00e9 en Colombie, je suis arriv\u00e9 au Qu\u00e9bec en 2008 la t\u00eate et le c\u0153ur plein de questions, de projets, de r\u00eaves, d\u2019inqui\u00e9tudes et d\u2019esp\u00e9rances. Recevoir la Bourse Jean-Ouellet m\u2019a permis de revoir comme dans un film tout le chemin parcouru \u00e0 Qu\u00e9bec: les nombreux efforts et la pers\u00e9v\u00e9rance dans l\u2019apprentissage du fran\u00e7ais \u00e9crit, la d\u00e9couverte d\u2019une nouvelle soci\u00e9t\u00e9 et de nouveaux amis. Cette reconnaissance m\u2019a confirm\u00e9 que l\u2019ouverture d\u2019esprit, l\u2019engagement, la pers\u00e9v\u00e9rance et la d\u00e9termination sont des cl\u00e9s qui me donneront acc\u00e8s \u00e0 la r\u00e9alisation de mes r\u00eaves. Le Qu\u00e9bec m\u2019a ouvert les bras. Il me permet de grandir et de faire de moi un meilleur citoyen du monde. Cette Bourse renforce mon sentiment d\u2019appartenance \u00e0 ma soci\u00e9t\u00e9 d\u2019accueil et avive ma fiert\u00e9 d\u2019\u00eatre Qu\u00e9b\u00e9cois.<\/em><\/p>\n<p style=\"text-align: center;\"><strong>Juan David Gonzalez<\/strong><\/p>\n<p style=\"text-align: center;\">Laur\u00e9at bourse Jean-Ouellet<\/p>\n<p>[\/et_pb_text][\/et_pb_column][\/et_pb_row][et_pb_row _builder_version=\u00a0\u00bb4.16&Prime; max_width=\u00a0\u00bb667px\u00a0\u00bb custom_padding=\u00a0\u00bb|15px||15px||true\u00a0\u00bb box_shadow_style=\u00a0\u00bbpreset3&Prime; use_custom_width=\u00a0\u00bbon\u00a0\u00bb custom_width_px=\u00a0\u00bb667px\u00a0\u00bb global_colors_info=\u00a0\u00bb{}\u00a0\u00bb][et_pb_column type=\u00a0\u00bb4_4&Prime; _builder_version=\u00a0\u00bb4.16&Prime; custom_padding=\u00a0\u00bb|||\u00a0\u00bb global_colors_info=\u00a0\u00bb{}\u00a0\u00bb custom_padding__hover=\u00a0\u00bb|||\u00a0\u00bb][et_pb_text _builder_version=\u00a0\u00bb4.16&Prime; global_colors_info=\u00a0\u00bb{}\u00a0\u00bb]<\/p>\n<p style=\"text-align: center;\"><em>\u00catre laur\u00e9ate de la bourse d\u2019excellence en design d\u2019int\u00e9rieur a finalis\u00e9 \u00e0 la perfection mes trois ann\u00e9es d\u2019\u00e9tudes. Je suis honor\u00e9 d\u2019avoir \u00e9t\u00e9 choisi parmi les nombreuses finissantes. Ce prix r\u00e9compense \u00e0 merveille mes efforts soutenus tout au long de la technique. Je tiens \u00e0 souligner l\u2019implication de mes professeurs qui m\u2019a permis de m\u2019\u00e9panouir en tant que designer d\u2019int\u00e9rieur, et je les remercie de m\u2019avoir si bien transmis l\u2019amour du design. Sur sc\u00e8ne, lorsque mon nom a \u00e9t\u00e9 cit\u00e9, je me suis senti envahi par grand sentiment de r\u00e9ussite personnelle et ce moment restera inoubliable. Bref, ce coup de pouce me permettra de poursuivre ma carri\u00e8re et d\u2019atteindre les sommets du Design. Je remercie sinc\u00e8rement la Fondation du C\u00e9gep Garneau, les cuisines Rochons, et l\u2019ensemble de mes professeurs.<\/em><\/p>\n<p style=\"text-align: center;\"><strong>Ana\u00efs Floux<\/strong><\/p>\n<p style=\"text-align: center;\">Laur\u00e9ate bourse d&rsquo;excellence en design d&rsquo;int\u00e9rieur<\/p>\n<p>[\/et_pb_text][\/et_pb_column][\/et_pb_row][et_pb_row _builder_version=\u00a0\u00bb4.16&Prime; max_width=\u00a0\u00bb667px\u00a0\u00bb custom_padding=\u00a0\u00bb|15px||15px||true\u00a0\u00bb box_shadow_style=\u00a0\u00bbpreset3&Prime; use_custom_width=\u00a0\u00bbon\u00a0\u00bb custom_width_px=\u00a0\u00bb667px\u00a0\u00bb global_colors_info=\u00a0\u00bb{}\u00a0\u00bb][et_pb_column type=\u00a0\u00bb4_4&Prime; _builder_version=\u00a0\u00bb4.16&Prime; custom_padding=\u00a0\u00bb|||\u00a0\u00bb global_colors_info=\u00a0\u00bb{}\u00a0\u00bb custom_padding__hover=\u00a0\u00bb|||\u00a0\u00bb][et_pb_text _builder_version=\u00a0\u00bb4.16&Prime; global_colors_info=\u00a0\u00bb{}\u00a0\u00bb]<\/p>\n<p style=\"text-align: center;\"><em>La d\u00e9cision de faire un retour aux \u00e9tudes n\u2019est pas toujours facile \u00e0 prendre. Le faire lorsqu\u2019on a\u00a0trois enfants l\u2019est encore moins! Cette bourse repr\u00e9sente pour moi un accomplissement, la fin d\u2019un parcours. Elle souligne mon ardeur et ma r\u00e9ussite, mais aussi la certitude d\u2019avoir fait le bon choix! La reconnaissance de mes professeurs me d\u00e9montre une fois de plus l\u2019importance de faire un m\u00e9tier qu\u2019on aime et qui nous passionne. Merci au D\u00e9partement des soins infirmiers d\u2019avoir fait de moi l\u2019infirmi\u00e8re que je suis et de me permettre aujourd\u2019hui de recevoir fi\u00e8rement cette bourse.<\/em><\/p>\n<p style=\"text-align: center;\"><strong>Annick Gaudreault<\/strong><\/p>\n<p style=\"text-align: center;\">Distinction en Soins infirmiers<\/p>\n<p>[\/et_pb_text][\/et_pb_column][\/et_pb_row][et_pb_row _builder_version=\u00a0\u00bb4.16&Prime; max_width=\u00a0\u00bb667px\u00a0\u00bb custom_padding=\u00a0\u00bb|15px||15px||true\u00a0\u00bb box_shadow_style=\u00a0\u00bbpreset3&Prime; use_custom_width=\u00a0\u00bbon\u00a0\u00bb custom_width_px=\u00a0\u00bb667px\u00a0\u00bb global_colors_info=\u00a0\u00bb{}\u00a0\u00bb][et_pb_column type=\u00a0\u00bb4_4&Prime; _builder_version=\u00a0\u00bb4.16&Prime; custom_padding=\u00a0\u00bb|||\u00a0\u00bb global_colors_info=\u00a0\u00bb{}\u00a0\u00bb custom_padding__hover=\u00a0\u00bb|||\u00a0\u00bb][et_pb_text _builder_version=\u00a0\u00bb4.16&Prime; global_colors_info=\u00a0\u00bb{}\u00a0\u00bb]<\/p>\n<p style=\"text-align: center;\"><em>Peu importe la valeur de cette bourse, le simple fait d\u2019\u00eatre reconnu et f\u00e9licit\u00e9 apporte la motivation n\u00e9cessaire pour continuer dans la m\u00eame voie. Merci!<\/em><\/p>\n<p style=\"text-align: center;\"><strong>Maxime Legendre<\/strong><\/p>\n<p style=\"text-align: center;\">Bourse Guy Romano<\/p>\n<p>[\/et_pb_text][\/et_pb_column][\/et_pb_row][et_pb_row _builder_version=\u00a0\u00bb4.16&Prime; max_width=\u00a0\u00bb667px\u00a0\u00bb custom_padding=\u00a0\u00bb|15px||15px||true\u00a0\u00bb box_shadow_style=\u00a0\u00bbpreset3&Prime; use_custom_width=\u00a0\u00bbon\u00a0\u00bb custom_width_px=\u00a0\u00bb667px\u00a0\u00bb global_colors_info=\u00a0\u00bb{}\u00a0\u00bb][et_pb_column type=\u00a0\u00bb4_4&Prime; _builder_version=\u00a0\u00bb4.16&Prime; custom_padding=\u00a0\u00bb|||\u00a0\u00bb global_colors_info=\u00a0\u00bb{}\u00a0\u00bb custom_padding__hover=\u00a0\u00bb|||\u00a0\u00bb][et_pb_text _builder_version=\u00a0\u00bb4.16&Prime; global_colors_info=\u00a0\u00bb{}\u00a0\u00bb]<\/p>\n<p style=\"text-align: center;\"><em>M\u00e9riter une telle bourse pour moi signifie plusieurs choses. En plus de souligner tous les efforts que j\u2019ai pu d\u00e9ployer depuis mon entr\u00e9e en Techniques d\u2019hygi\u00e8ne dentaire, elle me permet d\u2019obtenir une confiance en mes aptitudes pour quitter le monde scolaire et commencer ma vie en tant que professionnelle de la sant\u00e9. Ainsi, j\u2019\u00e9tais tr\u00e8s heureuse et surprise d\u2019avoir \u00e9t\u00e9 s\u00e9lectionn\u00e9e pour recevoir cet honneur parmi toutes les candidatures qui ont \u00e9t\u00e9 pos\u00e9es. Merci de me donner cette chance.<\/em><\/p>\n<p style=\"text-align: center;\"><strong>Sandra Gari\u00e9py<\/strong><\/p>\n<p style=\"text-align: center;\">Excellence scolaire<\/p>\n<p>[\/et_pb_text][\/et_pb_column][\/et_pb_row][\/et_pb_section]<\/p>\n","protected":false},"excerpt":{"rendered":"<p>\u00catre laur\u00e9ate lors du Gala du m\u00e9rite \u00e9tudiant f\u00fbt \u00e0 la fois une \u00e9tonnante surprise et un bel honneur puisque cette bourse clos un chapitre important de mon parcours coll\u00e9gial tout en me donnant un coup de pouce financier pour poursuivre mes \u00e9tudes universitaires. En effet, cette bourse souligne ma plus grande r\u00e9ussite qui r\u00e9side [&hellip;]<\/p>\n","protected":false},"author":1,"featured_media":0,"parent":0,"menu_order":0,"comment_status":"closed","ping_status":"closed","template":"","meta":{"_et_pb_use_builder":"on","_et_pb_old_content":"","_et_gb_content_width":"","om_disable_all_campaigns":false,"_monsterinsights_skip_tracking":false,"_monsterinsights_sitenote_active":false,"_monsterinsights_sitenote_note":"","_monsterinsights_sitenote_category":0,"footnotes":""},"class_list":["post-218","page","type-page","status-publish","hentry"],"aioseo_notices":[],"_links":{"self":[{"href":"https:\/\/fondation.cegepgarneau.ca\/index.php\/wp-json\/wp\/v2\/pages\/218","targetHints":{"allow":["GET"]}}],"collection":[{"href":"https:\/\/fondation.cegepgarneau.ca\/index.php\/wp-json\/wp\/v2\/pages"}],"about":[{"href":"https:\/\/fondation.cegepgarneau.ca\/index.php\/wp-json\/wp\/v2\/types\/page"}],"author":[{"embeddable":true,"href":"https:\/\/fondation.cegepgarneau.ca\/index.php\/wp-json\/wp\/v2\/users\/1"}],"replies":[{"embeddable":true,"href":"https:\/\/fondation.cegepgarneau.ca\/index.php\/wp-json\/wp\/v2\/comments?post=218"}],"version-history":[{"count":15,"href":"https:\/\/fondation.cegepgarneau.ca\/index.php\/wp-json\/wp\/v2\/pages\/218\/revisions"}],"predecessor-version":[{"id":3026,"href":"https:\/\/fondation.cegepgarneau.ca\/index.php\/wp-json\/wp\/v2\/pages\/218\/revisions\/3026"}],"wp:attachment":[{"href":"https:\/\/fondation.cegepgarneau.ca\/index.php\/wp-json\/wp\/v2\/media?parent=218"}],"curies":[{"name":"wp","href":"https:\/\/api.w.org\/{rel}","templated":true}]}}