{"id":2414,"date":"2022-01-04T13:56:49","date_gmt":"2022-01-04T18:56:49","guid":{"rendered":"https:\/\/fondation.cegepgarneau.ca\/?page_id=2414"},"modified":"2025-12-05T10:14:13","modified_gmt":"2025-12-05T15:14:13","slug":"reglement-politique-et-procedure","status":"publish","type":"page","link":"https:\/\/fondation.cegepgarneau.ca\/index.php\/reglement-politique-et-procedure\/","title":{"rendered":"R\u00e8glement, politiques et proc\u00e9dures"},"content":{"rendered":"<p>[et_pb_section fb_built=\u00a0\u00bb1&Prime; _builder_version=\u00a0\u00bb4.16&Prime; custom_padding=\u00a0\u00bb60px||0px|||\u00a0\u00bb global_colors_info=\u00a0\u00bb{}\u00a0\u00bb][et_pb_row _builder_version=\u00a0\u00bb4.16&Prime; global_colors_info=\u00a0\u00bb{}\u00a0\u00bb][et_pb_column type=\u00a0\u00bb4_4&Prime; _builder_version=\u00a0\u00bb4.16&Prime; custom_padding=\u00a0\u00bb|||\u00a0\u00bb global_colors_info=\u00a0\u00bb{}\u00a0\u00bb custom_padding__hover=\u00a0\u00bb|||\u00a0\u00bb][et_pb_text _builder_version=\u00a0\u00bb4.23.4&Prime; text_font=\u00a0\u00bb||||||||\u00a0\u00bb text_font_size=\u00a0\u00bb30px\u00a0\u00bb global_colors_info=\u00a0\u00bb{}\u00a0\u00bb]<\/p>\n<p><span>R\u00c8GLEMENT, POLITIQUES ET PROC\u00c9DURES<\/span><\/p>\n<p>[\/et_pb_text][\/et_pb_column][\/et_pb_row][\/et_pb_section][et_pb_section fb_built=\u00a0\u00bb1&Prime; _builder_version=\u00a0\u00bb4.16&Prime; custom_padding=\u00a0\u00bb0px||60px|||\u00a0\u00bb global_colors_info=\u00a0\u00bb{}\u00a0\u00bb][et_pb_row column_structure=\u00a0\u00bb1_4,1_4,1_4,1_4&Prime; _builder_version=\u00a0\u00bb4.21.0&Prime; _module_preset=\u00a0\u00bbdefault\u00a0\u00bb global_colors_info=\u00a0\u00bb{}\u00a0\u00bb][et_pb_column type=\u00a0\u00bb1_4&Prime; _builder_version=\u00a0\u00bb4.21.0&Prime; _module_preset=\u00a0\u00bbdefault\u00a0\u00bb global_colors_info=\u00a0\u00bb{}\u00a0\u00bb][et_pb_image src=\u00a0\u00bbhttps:\/\/fondation.cegepgarneau.ca\/wp-content\/uploads\/2019\/07\/Brochure.jpg\u00a0\u00bb alt=\u00a0\u00bbProgramme bourses d&rsquo;entr\u00e9e 2021&Prime; title_text=\u00a0\u00bbBrochure\u00a0\u00bb url=\u00a0\u00bbhttps:\/\/fondation.cegepgarneau.ca\/wp-content\/uploads\/2022\/01\/Reglement-No-1_Fondation_2021_nov_17-1.pdf\u00a0\u00bb url_new_window=\u00a0\u00bbon\u00a0\u00bb align=\u00a0\u00bbcenter\u00a0\u00bb _builder_version=\u00a0\u00bb4.17.4&Prime; _module_preset=\u00a0\u00bbdefault\u00a0\u00bb global_colors_info=\u00a0\u00bb{}\u00a0\u00bb][\/et_pb_image][et_pb_text _builder_version=\u00a0\u00bb4.16&Prime; _module_preset=\u00a0\u00bbdefault\u00a0\u00bb global_colors_info=\u00a0\u00bb{}\u00a0\u00bb]<\/p>\n<p style=\"text-align: center;\">R\u00e8glement num\u00e9ro 1<\/p>\n<p>[\/et_pb_text][\/et_pb_column][et_pb_column type=\u00a0\u00bb1_4&Prime; _builder_version=\u00a0\u00bb4.21.0&Prime; _module_preset=\u00a0\u00bbdefault\u00a0\u00bb global_colors_info=\u00a0\u00bb{}\u00a0\u00bb][et_pb_image src=\u00a0\u00bbhttps:\/\/fondation.cegepgarneau.ca\/wp-content\/uploads\/2019\/07\/Brochure.jpg\u00a0\u00bb alt=\u00a0\u00bbProgramme bourses d&rsquo;entr\u00e9e 2021&Prime; title_text=\u00a0\u00bbBrochure\u00a0\u00bb url=\u00a0\u00bbhttps:\/\/fondation.cegepgarneau.ca\/wp-content\/uploads\/2022\/01\/Code-dethique-et-de-deontologie-des-administrateurs.trices.pdf\u00a0\u00bb url_new_window=\u00a0\u00bbon\u00a0\u00bb align=\u00a0\u00bbcenter\u00a0\u00bb _builder_version=\u00a0\u00bb4.17.4&Prime; _module_preset=\u00a0\u00bbdefault\u00a0\u00bb global_colors_info=\u00a0\u00bb{}\u00a0\u00bb][\/et_pb_image][et_pb_text _builder_version=\u00a0\u00bb4.16&Prime; _module_preset=\u00a0\u00bbdefault\u00a0\u00bb global_colors_info=\u00a0\u00bb{}\u00a0\u00bb]<\/p>\n<p style=\"text-align: center;\">Code d\u2019\u00e9thique et de d\u00e9ontologie des administrateurs.trices<\/p>\n<p>[\/et_pb_text][\/et_pb_column][et_pb_column type=\u00a0\u00bb1_4&Prime; _builder_version=\u00a0\u00bb4.21.0&Prime; _module_preset=\u00a0\u00bbdefault\u00a0\u00bb global_colors_info=\u00a0\u00bb{}\u00a0\u00bb][et_pb_image src=\u00a0\u00bbhttps:\/\/fondation.cegepgarneau.ca\/wp-content\/uploads\/2019\/07\/Brochure.jpg\u00a0\u00bb alt=\u00a0\u00bbProgramme bourses d&rsquo;entr\u00e9e 2021&Prime; title_text=\u00a0\u00bbBrochure\u00a0\u00bb url=\u00a0\u00bbhttps:\/\/fondation.cegepgarneau.ca\/wp-content\/uploads\/2023\/09\/Guide-sur-la-protection-des-renseignements-personnels.pdf\u00a0\u00bb url_new_window=\u00a0\u00bbon\u00a0\u00bb align=\u00a0\u00bbcenter\u00a0\u00bb _builder_version=\u00a0\u00bb4.21.0&Prime; _module_preset=\u00a0\u00bbdefault\u00a0\u00bb global_colors_info=\u00a0\u00bb{}\u00a0\u00bb][\/et_pb_image][et_pb_text _builder_version=\u00a0\u00bb4.23.4&Prime; _module_preset=\u00a0\u00bbdefault\u00a0\u00bb global_colors_info=\u00a0\u00bb{}\u00a0\u00bb]<\/p>\n<p style=\"text-align: center;\">Guide sur la protection des renseignements personnels<\/p>\n<p>[\/et_pb_text][\/et_pb_column][et_pb_column type=\u00a0\u00bb1_4&Prime; _builder_version=\u00a0\u00bb4.21.0&Prime; _module_preset=\u00a0\u00bbdefault\u00a0\u00bb global_colors_info=\u00a0\u00bb{}\u00a0\u00bb][et_pb_image src=\u00a0\u00bbhttps:\/\/fondation.cegepgarneau.ca\/wp-content\/uploads\/2019\/07\/Brochure.jpg\u00a0\u00bb alt=\u00a0\u00bbProgramme bourses d&rsquo;entr\u00e9e 2021&Prime; title_text=\u00a0\u00bbBrochure\u00a0\u00bb url=\u00a0\u00bbhttps:\/\/fondation.cegepgarneau.ca\/wp-content\/uploads\/2022\/01\/Politique-de-gestion-des-risques-en-matiere-de-corruption-et-de-collusion-2.pdf\u00a0\u00bb url_new_window=\u00a0\u00bbon\u00a0\u00bb align=\u00a0\u00bbcenter\u00a0\u00bb _builder_version=\u00a0\u00bb4.17.4&Prime; _module_preset=\u00a0\u00bbdefault\u00a0\u00bb global_colors_info=\u00a0\u00bb{}\u00a0\u00bb][\/et_pb_image][et_pb_text _builder_version=\u00a0\u00bb4.17.4&Prime; _module_preset=\u00a0\u00bbdefault\u00a0\u00bb link_option_url_new_window=\u00a0\u00bbon\u00a0\u00bb global_colors_info=\u00a0\u00bb{}\u00a0\u00bb]<\/p>\n<p style=\"text-align: center;\">Politique de gestion des risques en mati\u00e8re de corruption et de collusion<\/p>\n<p>[\/et_pb_text][\/et_pb_column][\/et_pb_row][et_pb_row _builder_version=\u00a0\u00bb4.17.4&Prime; _module_preset=\u00a0\u00bbdefault\u00a0\u00bb global_colors_info=\u00a0\u00bb{}\u00a0\u00bb][et_pb_column type=\u00a0\u00bb4_4&Prime; _builder_version=\u00a0\u00bb4.17.4&Prime; _module_preset=\u00a0\u00bbdefault\u00a0\u00bb global_colors_info=\u00a0\u00bb{}\u00a0\u00bb][et_pb_text _builder_version=\u00a0\u00bb4.23.4&Prime; _module_preset=\u00a0\u00bbdefault\u00a0\u00bb global_colors_info=\u00a0\u00bb{}\u00a0\u00bb]<\/p>\n<p><strong>ACC\u00c8S \u00c0 L&rsquo;INFORMATION ET PROTECTION DES RENSEIGNEMENTS PERSONNELS\u00a0<\/strong><\/p>\n<p>En principe, toute personne a le droit d\u2019\u00eatre inform\u00e9e qu\u2019une entreprise d\u00e9tient des renseignements personnels la concernant.<\/p>\n<p>Pour faire une telle demande, vous devrez justifier de votre identit\u00e9 \u00e0 titre de personne concern\u00e9e. Il est \u00e0 noter qu\u2019une demande sera \u00e9galement consid\u00e9r\u00e9e si elle est faite par une personne agissant \u00e0 titre de repr\u00e9sentant, d\u2019h\u00e9ritier ou de successible de la personne concern\u00e9e, de liquidateur de la succession, de b\u00e9n\u00e9ficiaire d\u2019une assurance-vie ou d\u2019indemnit\u00e9 de d\u00e9c\u00e8s, de titulaire de l\u2019autorit\u00e9 parentale. Dans tous les cas, cette personne devra \u00e9tablir sa qualit\u00e9 et son identit\u00e9.<\/p>\n<p><strong>Comment acc\u00e9der \u00e0 vos renseignements personnels ?<\/strong><\/p>\n<p>Pour acc\u00e9der \u00e0 vos renseignements personnels, vous devez adresser une demande \u00e9crite, par courriel, \u00e0 la personne responsable de l&rsquo;acc\u00e8s et de la protection des renseignements personnels de la Fondation du C\u00e9gep Garneau.<\/p>\n<p><strong>Droits de rectification<\/strong><\/p>\n<p>Si vous constatez que des renseignements personnels vous concernant sont inexacts ou incomplets ou si vous estimez qu\u2019ils ont \u00e9t\u00e9 recueillis, conserv\u00e9s ou communiqu\u00e9s sans droit, vous pouvez, de la m\u00eame fa\u00e7on, en demander la rectification ou la destruction.<\/p>\n<p><strong>Coordonn\u00e9es de la personne responsable<\/strong><\/p>\n<p>Vanessa Drolet<br \/>Secr\u00e9taire du Conseil d\u2019administration de la Fondation du C\u00e9gep Garneau<\/p>\n<p>418 688-8310, poste 2459<br \/><a href=\"mailto:fondation@cegepgarneau.ca\">fondation@cegepgarneau.ca<\/a><\/p>\n<p><strong>D\u00e9lais de r\u00e9ponse<\/strong><\/p>\n<p>Conform\u00e9ment \u00e0 la <a href=\"https:\/\/www.legisquebec.gouv.qc.ca\/fr\/document\/lc\/p-39.1#:~:text=Nul%20ne%20peut%20communiquer%20%C3%A0,pr%C3%A9sente%20loi%20ne%20le%20pr%C3%A9voie\" target=\"_blank\" rel=\"noopener\"><em>Loi sur la protection des renseignements personnels dans le secteur priv\u00e9<\/em><\/a>, la Fondation du C\u00e9gep Garneau doit donner suite \u00e0 votre demande dans les 20 jours de la date de sa r\u00e9ception. L\u2019absence de r\u00e9ponse, \u00e0 l\u2019expiration de ce d\u00e9lai, \u00e9quivaut \u00e0 un refus.<\/p>\n<p>[\/et_pb_text][\/et_pb_column][\/et_pb_row][\/et_pb_section]<\/p>\n","protected":false},"excerpt":{"rendered":"<p>R\u00c8GLEMENT, POLITIQUES ET PROC\u00c9DURESR\u00e8glement num\u00e9ro 1Code d\u2019\u00e9thique et de d\u00e9ontologie des administrateurs.tricesGuide sur la protection des renseignements personnelsPolitique de gestion des risques en mati\u00e8re de corruption et de collusionACC\u00c8S \u00c0 L&rsquo;INFORMATION ET PROTECTION DES RENSEIGNEMENTS PERSONNELS\u00a0 En principe, toute personne a le droit d\u2019\u00eatre inform\u00e9e qu\u2019une entreprise d\u00e9tient des renseignements personnels la concernant. Pour faire [&hellip;]<\/p>\n","protected":false},"author":1,"featured_media":0,"parent":0,"menu_order":0,"comment_status":"closed","ping_status":"closed","template":"","meta":{"_et_pb_use_builder":"on","_et_pb_old_content":"","_et_gb_content_width":"","om_disable_all_campaigns":false,"_monsterinsights_skip_tracking":false,"_monsterinsights_sitenote_active":false,"_monsterinsights_sitenote_note":"","_monsterinsights_sitenote_category":0,"footnotes":""},"class_list":["post-2414","page","type-page","status-publish","hentry"],"aioseo_notices":[],"_links":{"self":[{"href":"https:\/\/fondation.cegepgarneau.ca\/index.php\/wp-json\/wp\/v2\/pages\/2414","targetHints":{"allow":["GET"]}}],"collection":[{"href":"https:\/\/fondation.cegepgarneau.ca\/index.php\/wp-json\/wp\/v2\/pages"}],"about":[{"href":"https:\/\/fondation.cegepgarneau.ca\/index.php\/wp-json\/wp\/v2\/types\/page"}],"author":[{"embeddable":true,"href":"https:\/\/fondation.cegepgarneau.ca\/index.php\/wp-json\/wp\/v2\/users\/1"}],"replies":[{"embeddable":true,"href":"https:\/\/fondation.cegepgarneau.ca\/index.php\/wp-json\/wp\/v2\/comments?post=2414"}],"version-history":[{"count":27,"href":"https:\/\/fondation.cegepgarneau.ca\/index.php\/wp-json\/wp\/v2\/pages\/2414\/revisions"}],"predecessor-version":[{"id":3794,"href":"https:\/\/fondation.cegepgarneau.ca\/index.php\/wp-json\/wp\/v2\/pages\/2414\/revisions\/3794"}],"wp:attachment":[{"href":"https:\/\/fondation.cegepgarneau.ca\/index.php\/wp-json\/wp\/v2\/media?parent=2414"}],"curies":[{"name":"wp","href":"https:\/\/api.w.org\/{rel}","templated":true}]}}