{"id":2846,"date":"2024-07-05T13:54:32","date_gmt":"2024-07-05T17:54:32","guid":{"rendered":"https:\/\/fondation.cegepgarneau.ca\/?page_id=2846"},"modified":"2025-07-03T15:54:35","modified_gmt":"2025-07-03T19:54:35","slug":"programme-de-reussite-educative","status":"publish","type":"page","link":"https:\/\/fondation.cegepgarneau.ca\/index.php\/programme-de-reussite-educative\/","title":{"rendered":"Programme de soutien \u00e0 la r\u00e9ussite \u00e9ducative"},"content":{"rendered":"<p>[et_pb_section fb_built=\u00a0\u00bb1&Prime; admin_label=\u00a0\u00bbProgramme de bourses de fin d&rsquo;ann\u00e9e\u00a0\u00bb _builder_version=\u00a0\u00bb4.23.4&Prime; custom_margin=\u00a0\u00bb||-19px|||\u00a0\u00bb custom_padding=\u00a0\u00bb60px||0px|||\u00a0\u00bb global_colors_info=\u00a0\u00bb{}\u00a0\u00bb][et_pb_row _builder_version=\u00a0\u00bb4.16&Prime; _module_preset=\u00a0\u00bbdefault\u00a0\u00bb global_colors_info=\u00a0\u00bb{}\u00a0\u00bb][et_pb_column type=\u00a0\u00bb4_4&Prime; _builder_version=\u00a0\u00bb4.16&Prime; _module_preset=\u00a0\u00bbdefault\u00a0\u00bb global_colors_info=\u00a0\u00bb{}\u00a0\u00bb][et_pb_text _builder_version=\u00a0\u00bb4.23.4&Prime; _module_preset=\u00a0\u00bbdefault\u00a0\u00bb text_font_size=\u00a0\u00bb30px\u00a0\u00bb global_colors_info=\u00a0\u00bb{}\u00a0\u00bb]<\/p>\n<p>AFIN QUE TOUS PUISSENT R\u00c9ALISER LEUR PLEIN POTENTIEL<\/p>\n<p>[\/et_pb_text][\/et_pb_column][\/et_pb_row][\/et_pb_section][et_pb_section fb_built=\u00a0\u00bb1&Prime; admin_label=\u00a0\u00bbProgramme de bourses de fin d&rsquo;ann\u00e9e\u00a0\u00bb _builder_version=\u00a0\u00bb4.16&Prime; custom_margin=\u00a0\u00bb||-19px|||\u00a0\u00bb custom_padding=\u00a0\u00bb10px||0px|||\u00a0\u00bb global_colors_info=\u00a0\u00bb{}\u00a0\u00bb][et_pb_row _builder_version=\u00a0\u00bb4.23.4&Prime; _module_preset=\u00a0\u00bbdefault\u00a0\u00bb global_colors_info=\u00a0\u00bb{}\u00a0\u00bb][et_pb_column type=\u00a0\u00bb4_4&Prime; _builder_version=\u00a0\u00bb4.23.4&Prime; _module_preset=\u00a0\u00bbdefault\u00a0\u00bb global_colors_info=\u00a0\u00bb{}\u00a0\u00bb][et_pb_image src=\u00a0\u00bbhttps:\/\/fondation.cegepgarneau.ca\/wp-content\/uploads\/2024\/07\/PRE.png\u00a0\u00bb _builder_version=\u00a0\u00bb4.23.4&Prime; _module_preset=\u00a0\u00bbdefault\u00a0\u00bb custom_margin=\u00a0\u00bb-11px|||||\u00a0\u00bb global_colors_info=\u00a0\u00bb{}\u00a0\u00bb][\/et_pb_image][\/et_pb_column][\/et_pb_row][et_pb_row _builder_version=\u00a0\u00bb4.16&Prime; _module_preset=\u00a0\u00bbdefault\u00a0\u00bb custom_padding=\u00a0\u00bb||0px|||\u00a0\u00bb global_colors_info=\u00a0\u00bb{}\u00a0\u00bb][et_pb_column type=\u00a0\u00bb4_4&Prime; _builder_version=\u00a0\u00bb4.16&Prime; _module_preset=\u00a0\u00bbdefault\u00a0\u00bb global_colors_info=\u00a0\u00bb{}\u00a0\u00bb][et_pb_text _builder_version=\u00a0\u00bb4.23.4&Prime; _module_preset=\u00a0\u00bbdefault\u00a0\u00bb text_text_color=\u00a0\u00bb#000000&Prime; global_colors_info=\u00a0\u00bb{}\u00a0\u00bb]<\/p>\n<p><span style=\"color: #7ac143;\"><strong>D\u00e9posez votre projet d\u00e8s maintenant !<br \/><\/strong><\/span><span style=\"color: #666666;\">La Fondation du C\u00e9gep Garneau a pour mandat d&rsquo;apporter au C\u00e9gep\u00a0Garneau un soutien financier pour l&rsquo;aider d&rsquo;une part \u00e0 poursuivre ses engagements, et d&rsquo;autre part, \u00e0 r\u00e9pondre \u00e0 sa mission \u00e9ducative et sociale.<\/span><\/p>\n<p><span style=\"color: #666666;\">La Fondation poursuit les objectifs suivants :<\/span><\/p>\n<ul>\n<li><span style=\"color: #666666;\">Soutenir la r\u00e9ussite et le d\u00e9veloppement des talents ;<\/span><\/li>\n<li><span style=\"color: #666666;\">Pr\u00e9parer les personnes \u00e9tudiantes \u00e0 int\u00e9grer le march\u00e9 du travail ;<\/span><\/li>\n<li><span style=\"color: #666666;\">Renouveler et acqu\u00e9rir des \u00e9quipements sp\u00e9cialis\u00e9s pour l\u2019enseignement et les apprentissages ;<\/span><\/li>\n<li><span style=\"color: #666666;\">Bonifier les lieux d\u2019\u00e9tudes et les espaces de vie.<\/span><\/li>\n<\/ul>\n<p><span style=\"color: #666666;\">Le pr\u00e9sent projet du Programme de financement vise \u00e0 renforcer son engagement envers la communaut\u00e9 Garneau en soutenant des initiatives qui favorisent la r\u00e9ussite \u00e9ducative. Il s&rsquo;agit de promouvoir le d\u00e9veloppement global des individus afin qu&rsquo;ils puissent pleinement r\u00e9aliser leur potentiel.<\/span><\/p>\n<p>&nbsp;<\/p>\n<p><span style=\"color: #666666;\"><strong>Qui peut adresser une demande ?<br \/><\/strong><span class=\"ui-provider a b c d e f g h i j k l m n o p q r s t u v w x y z ab ac ae af ag ah ai aj ak\" dir=\"ltr\">Ces projets peuvent \u00eatre pr\u00e9sent\u00e9s par un membre, ou un groupe de membres du personnel, une personne \u00e9tudiante ou un groupe de personnes \u00e9tudiantes dont le projet est recommand\u00e9 et les responsabilit\u00e9s assum\u00e9es par un membre du personnel ou une entit\u00e9 du C\u00e9gep ou une entit\u00e9 reconnue par le C\u00e9gep.<\/span><\/span><\/p>\n<p><span style=\"color: #666666;\"><span class=\"ui-provider a b c d e f g h i j k l m n o p q r s t u v w x y z ab ac ae af ag ah ai aj ak\" dir=\"ltr\"><\/span><\/span><\/p>\n<p><span style=\"color: #666666;\"><strong>Comment faire une demande ?<br \/><\/strong>Remplissez le formulaire et faites-le parvenir \u00e0<\/span> <a href=\"mailto:fondation@cegepgarneau.ca\">fondation@cegepgarneau.ca<\/a><\/p>\n<p>&nbsp;<\/p>\n<p><span style=\"color: #00704a;\"><strong>Avis important<\/strong><\/span><\/p>\n<ul>\n<li style=\"text-align: justify;\"><span style=\"color: #666666;\">Veuillez lire attentivement les crit\u00e8res d&rsquo;admissibilit\u00e9 avant de remplir votre demande de subvention.<\/span><\/li>\n<li style=\"text-align: justify;\"><span style=\"color: #666666;\">Un bilan de votre projet est exig\u00e9 \u00e0 la suite de sa r\u00e9alisation. Le formulaire devra \u00eatre retourn\u00e9 remis au plus tard le 30 juin de l\u2019ann\u00e9e o\u00f9 la demande a \u00e9t\u00e9 d\u00e9pos\u00e9e. Les r\u00e9cipiendaires de subvention qui ne r\u00e9pondront pas \u00e0 cette requ\u00eate pourraient se faire refuser leurs prochaines demandes.<\/span><\/li>\n<li style=\"text-align: justify;\"><span style=\"color: #666666;\">Seules les demandes re\u00e7ues par courriel \u00e0 fondation@cegepgarneau.ca seront accept\u00e9es.<\/span><\/li>\n<li style=\"text-align: justify;\"><span style=\"color: #666666;\">Une r\u00e9ponse concernant votre demande vous sera communiquer environ 5 semaines apr\u00e8s la date limite de d\u00e9p\u00f4t \u00e0 laquelle vous participez.<\/span><\/li>\n<\/ul>\n<p>[\/et_pb_text][\/et_pb_column][\/et_pb_row][\/et_pb_section][et_pb_section fb_built=\u00a0\u00bb1&Prime; admin_label=\u00a0\u00bbProgramme de bourses de fin d&rsquo;ann\u00e9e\u00a0\u00bb _builder_version=\u00a0\u00bb4.23.4&Prime; custom_margin=\u00a0\u00bb||-19px|||\u00a0\u00bb custom_padding=\u00a0\u00bb60px||60px|||\u00a0\u00bb global_colors_info=\u00a0\u00bb{}\u00a0\u00bb][et_pb_row column_structure=\u00a0\u00bb1_3,1_3,1_3&Prime; _builder_version=\u00a0\u00bb4.23.4&Prime; _module_preset=\u00a0\u00bbdefault\u00a0\u00bb global_colors_info=\u00a0\u00bb{}\u00a0\u00bb][et_pb_column type=\u00a0\u00bb1_3&Prime; _builder_version=\u00a0\u00bb4.23.4&Prime; _module_preset=\u00a0\u00bbdefault\u00a0\u00bb global_colors_info=\u00a0\u00bb{}\u00a0\u00bb][\/et_pb_column][et_pb_column type=\u00a0\u00bb1_3&Prime; _builder_version=\u00a0\u00bb4.23.4&Prime; _module_preset=\u00a0\u00bbdefault\u00a0\u00bb global_colors_info=\u00a0\u00bb{}\u00a0\u00bb][et_pb_image src=\u00a0\u00bbhttps:\/\/fondation.cegepgarneau.ca\/wp-content\/uploads\/2025\/02\/PRE-Formulaire.png\u00a0\u00bb alt=\u00a0\u00bbDossier de candidature\u00a0\u00bb title_text=\u00a0\u00bbPRE &#8211; Formulaire\u00a0\u00bb url=\u00a0\u00bbhttps:\/\/fondation.cegepgarneau.ca\/wp-content\/uploads\/2024\/07\/PRE-Formulaire-de-demande.docx\u00a0\u00bb align=\u00a0\u00bbcenter\u00a0\u00bb _builder_version=\u00a0\u00bb4.27.3&Prime; _module_preset=\u00a0\u00bbdefault\u00a0\u00bb custom_margin=\u00a0\u00bb||11px||false|false\u00a0\u00bb global_colors_info=\u00a0\u00bb{}\u00a0\u00bb][\/et_pb_image][\/et_pb_column][et_pb_column type=\u00a0\u00bb1_3&Prime; _builder_version=\u00a0\u00bb4.23.4&Prime; _module_preset=\u00a0\u00bbdefault\u00a0\u00bb global_colors_info=\u00a0\u00bb{}\u00a0\u00bb][\/et_pb_column][\/et_pb_row][\/et_pb_section]<\/p>\n","protected":false},"excerpt":{"rendered":"<p>AFIN QUE TOUS PUISSENT R\u00c9ALISER LEUR PLEIN POTENTIELD\u00e9posez votre projet d\u00e8s maintenant !La Fondation du C\u00e9gep Garneau a pour mandat d&rsquo;apporter au C\u00e9gep\u00a0Garneau un soutien financier pour l&rsquo;aider d&rsquo;une part \u00e0 poursuivre ses engagements, et d&rsquo;autre part, \u00e0 r\u00e9pondre \u00e0 sa mission \u00e9ducative et sociale. La Fondation poursuit les objectifs suivants : Soutenir la r\u00e9ussite [&hellip;]<\/p>\n","protected":false},"author":1,"featured_media":0,"parent":0,"menu_order":0,"comment_status":"closed","ping_status":"closed","template":"","meta":{"_et_pb_use_builder":"on","_et_pb_old_content":"","_et_gb_content_width":"","om_disable_all_campaigns":false,"_monsterinsights_skip_tracking":false,"_monsterinsights_sitenote_active":false,"_monsterinsights_sitenote_note":"","_monsterinsights_sitenote_category":0,"footnotes":""},"class_list":["post-2846","page","type-page","status-publish","hentry"],"aioseo_notices":[],"_links":{"self":[{"href":"https:\/\/fondation.cegepgarneau.ca\/index.php\/wp-json\/wp\/v2\/pages\/2846","targetHints":{"allow":["GET"]}}],"collection":[{"href":"https:\/\/fondation.cegepgarneau.ca\/index.php\/wp-json\/wp\/v2\/pages"}],"about":[{"href":"https:\/\/fondation.cegepgarneau.ca\/index.php\/wp-json\/wp\/v2\/types\/page"}],"author":[{"embeddable":true,"href":"https:\/\/fondation.cegepgarneau.ca\/index.php\/wp-json\/wp\/v2\/users\/1"}],"replies":[{"embeddable":true,"href":"https:\/\/fondation.cegepgarneau.ca\/index.php\/wp-json\/wp\/v2\/comments?post=2846"}],"version-history":[{"count":22,"href":"https:\/\/fondation.cegepgarneau.ca\/index.php\/wp-json\/wp\/v2\/pages\/2846\/revisions"}],"predecessor-version":[{"id":3516,"href":"https:\/\/fondation.cegepgarneau.ca\/index.php\/wp-json\/wp\/v2\/pages\/2846\/revisions\/3516"}],"wp:attachment":[{"href":"https:\/\/fondation.cegepgarneau.ca\/index.php\/wp-json\/wp\/v2\/media?parent=2846"}],"curies":[{"name":"wp","href":"https:\/\/api.w.org\/{rel}","templated":true}]}}