{"id":3541,"date":"2026-01-13T08:55:25","date_gmt":"2026-01-13T13:55:25","guid":{"rendered":"https:\/\/fondation.cegepgarneau.ca\/?page_id=3541"},"modified":"2026-02-10T09:37:24","modified_gmt":"2026-02-10T14:37:24","slug":"merite-etudiant","status":"publish","type":"page","link":"https:\/\/fondation.cegepgarneau.ca\/index.php\/merite-etudiant\/","title":{"rendered":"Bourses du M\u00e9rite \u00e9tudiant, f\u00e9vrier 2026"},"content":{"rendered":"<p>[et_pb_section fb_built=\u00a0\u00bb1&Prime; _builder_version=\u00a0\u00bb4.23.4&Prime; _module_preset=\u00a0\u00bbdefault\u00a0\u00bb custom_padding=\u00a0\u00bb60px||0px|||\u00a0\u00bb global_colors_info=\u00a0\u00bb{}\u00a0\u00bb][et_pb_row _builder_version=\u00a0\u00bb4.16&Prime; _module_preset=\u00a0\u00bbdefault\u00a0\u00bb custom_padding=\u00a0\u00bb30px||30px|||\u00a0\u00bb global_colors_info=\u00a0\u00bb{}\u00a0\u00bb][et_pb_column type=\u00a0\u00bb4_4&Prime; _builder_version=\u00a0\u00bb4.16&Prime; _module_preset=\u00a0\u00bbdefault\u00a0\u00bb global_colors_info=\u00a0\u00bb{}\u00a0\u00bb][et_pb_text _builder_version=\u00a0\u00bb4.23.4&Prime; _module_preset=\u00a0\u00bbdefault\u00a0\u00bb text_font_size=\u00a0\u00bb30px\u00a0\u00bb global_colors_info=\u00a0\u00bb{}\u00a0\u00bb]<\/p>\n<p class=\"cvGsUA direction-ltr align-start para-style-body\"><span class=\"OYPEnA text-decoration-none text-strikethrough-none\">SOULIGNONS L&rsquo;EXCELLENCE, LA PERS\u00c9V\u00c9RANCE ET L&rsquo;ENGAGEMENT<\/span><\/p>\n<p>[\/et_pb_text][\/et_pb_column][\/et_pb_row][\/et_pb_section][et_pb_section fb_built=\u00a0\u00bb1&Prime; admin_label=\u00a0\u00bbProgramme de bourses de fin d&rsquo;ann\u00e9e\u00a0\u00bb _builder_version=\u00a0\u00bb4.16&Prime; custom_margin=\u00a0\u00bb||-28px|||\u00a0\u00bb custom_padding=\u00a0\u00bb0px||60px|||\u00a0\u00bb global_colors_info=\u00a0\u00bb{}\u00a0\u00bb][et_pb_row _builder_version=\u00a0\u00bb4.16&Prime; _module_preset=\u00a0\u00bbdefault\u00a0\u00bb custom_padding=\u00a0\u00bb0px||30px|||\u00a0\u00bb global_colors_info=\u00a0\u00bb{}\u00a0\u00bb][et_pb_column type=\u00a0\u00bb4_4&Prime; _builder_version=\u00a0\u00bb4.16&Prime; _module_preset=\u00a0\u00bbdefault\u00a0\u00bb global_colors_info=\u00a0\u00bb{}\u00a0\u00bb][et_pb_image src=\u00a0\u00bbhttps:\/\/fondation.cegepgarneau.ca\/wp-content\/uploads\/2026\/01\/ME.png\u00a0\u00bb title_text=\u00a0\u00bbME\u00a0\u00bb _builder_version=\u00a0\u00bb4.27.4&Prime; _module_preset=\u00a0\u00bbdefault\u00a0\u00bb global_colors_info=\u00a0\u00bb{}\u00a0\u00bb][\/et_pb_image][et_pb_text _builder_version=\u00a0\u00bb4.27.4&Prime; _module_preset=\u00a0\u00bbdefault\u00a0\u00bb text_text_color=\u00a0\u00bb#7ac143&Prime; text_font_size=\u00a0\u00bb30px\u00a0\u00bb custom_margin=\u00a0\u00bb||15px||false|false\u00a0\u00bb global_colors_info=\u00a0\u00bb{}\u00a0\u00bb]<\/p>\n<p>DISPONIBLE DU 29 JANVIER AU 15 F\u00c9VRIER 2026 !<\/p>\n<p>[\/et_pb_text][et_pb_text _builder_version=\u00a0\u00bb4.27.4&Prime; _module_preset=\u00a0\u00bbdefault\u00a0\u00bb text_text_color=\u00a0\u00bb#000000&Prime; custom_margin=\u00a0\u00bb||15px||false|false\u00a0\u00bb global_colors_info=\u00a0\u00bb{}\u00a0\u00bb]<\/p>\n<p><span style=\"color: #7ac143;\"><strong>D\u00e9couvrez notre deuxi\u00e8me volet du Programme de bourses de la Fondation : les bourses du M\u00e9rite \u00e9tudiant !<\/strong><\/span><\/p>\n<p>[\/et_pb_text][et_pb_text _builder_version=\u00a0\u00bb4.27.3&Prime; _module_preset=\u00a0\u00bbdefault\u00a0\u00bb text_text_color=\u00a0\u00bb#000000&Prime; custom_margin=\u00a0\u00bb||60px|||\u00a0\u00bb global_colors_info=\u00a0\u00bb{}\u00a0\u00bb]<\/p>\n<p>La Fondation du C\u00e9gep Garneau est fi\u00e8re de vous pr\u00e9senter le Programme de bourses et vous permettre, ann\u00e9e apr\u00e8s ann\u00e9e, d\u2019\u00eatre r\u00e9compens\u00e9s pour vos succ\u00e8s scolaires, votre pers\u00e9v\u00e9rance, vos talents et votre engagement dans la communaut\u00e9 coll\u00e9giale.<\/p>\n<p>Le Programme de bourses de la Fondation vise \u00e0 honorer et r\u00e9compenser plus de 150 \u00e9tudiantes et \u00e9tudiants inscrits dans l\u2019un ou l\u2019autre des programmes ou secteurs d\u2019enseignement du C\u00e9gep Garneau. Ainsi, cette ann\u00e9e, la Fondation est heureuse d\u2019annoncer l\u2019octroi de pr\u00e8s de 125 000 $, par l\u2019entremise de son Programme de bourses.<\/p>\n<p>Nous tenons \u00e0 souligner que la pr\u00e9sentation de ce programme est rendue possible gr\u00e2ce \u00e0 la g\u00e9n\u00e9reuse participation de nombreux partenaires, qui, comme la Fondation, ont \u00e0 c\u0153ur la r\u00e9ussite, l\u2019engagement et le d\u00e9veloppement de talents. Nous tenons \u00e9galement \u00e0 remercier chaleureusement les membres des comit\u00e9s de s\u00e9lection des r\u00e9cipiendaires qui \u00e9tudieront les candidatures avec int\u00e9r\u00eat.<\/p>\n<p>Nous vous incitons \u00e0 d\u00e9poser vos candidatures en grand nombre<\/p>\n<p>[\/et_pb_text][et_pb_text _builder_version=\u00a0\u00bb4.27.4&Prime; _module_preset=\u00a0\u00bbdefault\u00a0\u00bb text_text_color=\u00a0\u00bb#7ac143&Prime; text_font_size=\u00a0\u00bb30px\u00a0\u00bb custom_margin=\u00a0\u00bb||15px||false|false\u00a0\u00bb global_colors_info=\u00a0\u00bb{}\u00a0\u00bb]<\/p>\n<p>COMMENT SOUMETTRE SA CANDIDATURE<\/p>\n<p>[\/et_pb_text][et_pb_text _builder_version=\u00a0\u00bb4.27.4&Prime; _module_preset=\u00a0\u00bbdefault\u00a0\u00bb text_text_color=\u00a0\u00bb#000000&Prime; custom_margin=\u00a0\u00bb||15px||false|false\u00a0\u00bb global_colors_info=\u00a0\u00bb{}\u00a0\u00bb]<\/p>\n<p><span style=\"color: #7ac143;\"><strong>LA DATE LIMITE POUR LE D\u00c9P\u00d4T D&rsquo;UNE CANDIDATURE EST LE DIMANCHE 15 F\u00c9VRIER 2026 \u00c0 MINUIT.\u00a0<\/strong><\/span><\/p>\n<p>[\/et_pb_text][et_pb_text _builder_version=\u00a0\u00bb4.27.4&Prime; _module_preset=\u00a0\u00bbdefault\u00a0\u00bb text_text_color=\u00a0\u00bb#000000&Prime; global_colors_info=\u00a0\u00bb{}\u00a0\u00bb]<\/p>\n<p><strong><span style=\"font-size: 14px;\"><em>\u221a <\/em><\/span>1. CONSULTEZ LE DOCUMENT \u00ab PROGRAMME DE BOURSES 2025-2026 \u00bb ;<\/strong><br \/><em style=\"font-size: 14px;\">* Cette \u00e9tape est essentielle : chaque bourse comporte des crit\u00e8res d\u2019admissibilit\u00e9 sp\u00e9cifiques et peut exiger des documents diff\u00e9rents. Assurez-vous de bien lire les conditions propres \u00e0 chacune afin de pr\u00e9parer un dossier complet et conforme.<\/em><\/p>\n<p><strong style=\"font-size: 14px;\">2. IDENTIFIEZ-LA OU LES BOURSES POUR LESQUELLES VOUS D\u00c9SIREZ SOUMETTRE VOTRE CANDIDATURE ;<br \/><\/strong><em style=\"font-size: 14px;\">*<\/em><span style=\"font-size: 14px;\"> <\/span><em style=\"font-size: 14px;\">Il est possible de poser votre candidature \u00e0 plusieurs bourses.<br \/><\/em><em style=\"font-size: 14px;\">Un formulaire distinct doit \u00eatre rempli pour chaque bourse vis\u00e9e.<\/em><\/p>\n<p><strong><em>Astuce !<\/em><em> Consultez la section de votre programme d\u2019\u00e9tudes et n\u2019oubliez pas de visiter la section \u00ab Mentions \u00bb, qui pr\u00e9sente des bourses accessibles \u00e0 tous selon les r\u00e9alit\u00e9s \u00e9tudiantes. <\/em><\/strong><span style=\"font-size: 14px;\">Pour <\/span><strong style=\"font-size: 14px;\">chaque<\/strong><span style=\"font-size: 14px;\"> bourse \u00e0 laquelle vous souhaitez d\u00e9poser une candidature vous devez\u00a0:<\/span><\/p>\n<p><strong>3. COMPL\u00c9TEZ VOTRE \u00ab FORMULAIRE DE CANDIDATURE \u00bb.<br \/><\/strong><em style=\"font-size: 14px;\">Seules les candidatures \u00e9lectroniques soumis par le biais de ce questionnaire seront accept\u00e9es.<\/em><\/p>\n<p><em style=\"font-size: 14px;\"> <\/em><\/p>\n<p><em style=\"font-size: 14px;\"><\/em>De plus, avec chaque formulaire, vous devrez <strong>obligatoirement<\/strong> fournir les documents suivants pour que votre candidature soit jug\u00e9e compl\u00e8te, sinon elle sera malheureusement automatiquement refus\u00e9e\u00a0:<\/p>\n<p><span style=\"font-size: 14px;\"><em>\u221a\u00a0 <\/em>votre <\/span><strong style=\"font-size: 14px;\">relev\u00e9 de notes coll\u00e9gial OMNIVOX complet<\/strong><span style=\"font-size: 14px;\"> le plus r\u00e9cent, incluant la cote R ;<br \/><\/span><em>* Vous trouverez votre relev\u00e9 sur L\u00c9A, sous l\u2019onglet Notes d\u2019\u00e9valuation et Relev\u00e9 de notes finales.<\/em><\/p>\n<p><span style=\"font-size: 14px;\"><em>\u221a\u00a0 <\/em>un texte de pr\u00e9sentation <\/span><strong style=\"font-size: 14px;\">(minimalement 350 et maximum 500 mots)<\/strong><span style=\"font-size: 14px;\"> mettant en valeur vos comp\u00e9tences, vos r\u00e9alisations et vos implications personnelles en lien avec la bourse demand\u00e9e ;<br \/><\/span><em>* Prendre en note que la qualit\u00e9 du fran\u00e7ais \u00e9crit et la pr\u00e9sentation du texte seront prises en consid\u00e9ration.<\/em><\/p>\n<p><span style=\"font-size: 14px;\"><em>\u221a\u00a0 <\/em>tous autres documents demand\u00e9s ou jug\u00e9s pertinents selon le descriptif de la bourse.<br \/><\/span><em>* Portez une attention particuli\u00e8re aux conditions d&rsquo;admissibilit\u00e9s et aux crit\u00e8res de s\u00e9lections de chacune des bourses, car elles diff\u00e8rent chacune les unes des autres.<\/em><br \/><em><strong>* Assurez-vous \u00e9galement d\u2019avoir joint tous les documents requis. Dans le cas contraire, votre candidature sera malheureusement refus\u00e9e automatiquement, sans autre pr\u00e9avis.<\/strong><\/em><\/p>\n<p>[\/et_pb_text][\/et_pb_column][\/et_pb_row][et_pb_row column_structure=\u00a0\u00bb1_2,1_2&Prime; _builder_version=\u00a0\u00bb4.23.4&Prime; _module_preset=\u00a0\u00bbdefault\u00a0\u00bb global_colors_info=\u00a0\u00bb{}\u00a0\u00bb][et_pb_column type=\u00a0\u00bb1_2&Prime; _builder_version=\u00a0\u00bb4.23.4&Prime; _module_preset=\u00a0\u00bbdefault\u00a0\u00bb global_colors_info=\u00a0\u00bb{}\u00a0\u00bb][et_pb_image alt=\u00a0\u00bbDossier de candidature\u00a0\u00bb title_text=\u00a0\u00bbPB &#8211; ME\u00a0\u00bb url=\u00a0\u00bbhttps:\/\/fondation.cegepgarneau.ca\/wp-content\/uploads\/2026\/02\/Cahier-Programme-de-bourses-2025-2026.pdf\u00a0\u00bb align=\u00a0\u00bbcenter\u00a0\u00bb _builder_version=\u00a0\u00bb4.27.4&Prime; _module_preset=\u00a0\u00bbdefault\u00a0\u00bb hover_enabled=\u00a0\u00bb0&Prime; global_colors_info=\u00a0\u00bb{}\u00a0\u00bb sticky_enabled=\u00a0\u00bb0&Prime; src=\u00a0\u00bbhttps:\/\/fondation.cegepgarneau.ca\/wp-content\/uploads\/2026\/01\/PB-ME-2.png\u00a0\u00bb][\/et_pb_image][et_pb_text _builder_version=\u00a0\u00bb4.27.4&Prime; _module_preset=\u00a0\u00bbdefault\u00a0\u00bb text_text_color=\u00a0\u00bb#000000&Prime; global_colors_info=\u00a0\u00bb{}\u00a0\u00bb]<\/p>\n<p style=\"text-align: center;\"><span style=\"color: #7ac143;\"><strong>DU 29 JANVIER AU 15 F\u00c9VRIER 2026 !<\/strong><\/span><\/p>\n<p style=\"text-align: center;\"><span style=\"color: #7ac143;\"><strong>Consultez le programme et rep\u00e9rez la ou les bourses correspondant \u00e0 votre profil avant de soumettre votre candidature.<\/strong><\/span><\/p>\n<p style=\"text-align: center;\">Nous vous rappelons que cette \u00e9tape est essentielle, chaque bourse ayant ses propres crit\u00e8res d&rsquo;admissibilit\u00e9. Prenez le temps de lire attentivement les conditions associ\u00e9es.<\/p>\n<p>[\/et_pb_text][\/et_pb_column][et_pb_column type=\u00a0\u00bb1_2&Prime; _builder_version=\u00a0\u00bb4.23.4&Prime; _module_preset=\u00a0\u00bbdefault\u00a0\u00bb global_colors_info=\u00a0\u00bb{}\u00a0\u00bb][et_pb_image src=\u00a0\u00bbhttps:\/\/fondation.cegepgarneau.ca\/wp-content\/uploads\/2026\/01\/ME-Formulaire-2.png\u00a0\u00bb alt=\u00a0\u00bbDossier de candidature\u00a0\u00bb title_text=\u00a0\u00bbME &#8211; Formulaire\u00a0\u00bb url=\u00a0\u00bbhttps:\/\/form.jotform.com\/260126451887259&Prime; align=\u00a0\u00bbcenter\u00a0\u00bb _builder_version=\u00a0\u00bb4.27.4&Prime; _module_preset=\u00a0\u00bbdefault\u00a0\u00bb global_colors_info=\u00a0\u00bb{}\u00a0\u00bb][\/et_pb_image][et_pb_text _builder_version=\u00a0\u00bb4.27.4&Prime; _module_preset=\u00a0\u00bbdefault\u00a0\u00bb text_text_color=\u00a0\u00bb#000000&Prime; global_colors_info=\u00a0\u00bb{}\u00a0\u00bb]<\/p>\n<p style=\"text-align: center;\"><span style=\"color: #7ac143;\"><strong>DATE LIMITE : <span style=\"color: #e02b20;\">15 F\u00c9VRIER 2026 \u00c0 MINUIT<\/span><br \/><\/strong><\/span><span style=\"color: #ff0000;\"><\/span><\/p>\n<p style=\"text-align: center;\"><strong><span style=\"font-size: 14px;\">Seuls les r\u00e9cipiendaires seront contact\u00e9s en avril.<\/span><\/strong><\/p>\n<p data-start=\"0\" data-end=\"102\" style=\"text-align: center;\">Surveillez vos MIO pour conna\u00eetre les r\u00e9sultats.<br \/>Nous vous souhaitons \u00e0 tous bon succ\u00e8s !<\/p>\n<p>[\/et_pb_text][\/et_pb_column][\/et_pb_row][\/et_pb_section]<\/p>\n","protected":false},"excerpt":{"rendered":"<p>SOULIGNONS L&rsquo;EXCELLENCE, LA PERS\u00c9V\u00c9RANCE ET L&rsquo;ENGAGEMENTDISPONIBLE DU 29 JANVIER AU 15 F\u00c9VRIER 2026 !D\u00e9couvrez notre deuxi\u00e8me volet du Programme de bourses de la Fondation : les bourses du M\u00e9rite \u00e9tudiant !La Fondation du C\u00e9gep Garneau est fi\u00e8re de vous pr\u00e9senter le Programme de bourses et vous permettre, ann\u00e9e apr\u00e8s ann\u00e9e, d\u2019\u00eatre r\u00e9compens\u00e9s pour vos succ\u00e8s [&hellip;]<\/p>\n","protected":false},"author":1,"featured_media":0,"parent":0,"menu_order":0,"comment_status":"closed","ping_status":"closed","template":"","meta":{"_et_pb_use_builder":"on","_et_pb_old_content":"","_et_gb_content_width":"","om_disable_all_campaigns":false,"_monsterinsights_skip_tracking":false,"_monsterinsights_sitenote_active":false,"_monsterinsights_sitenote_note":"","_monsterinsights_sitenote_category":0,"footnotes":""},"class_list":["post-3541","page","type-page","status-publish","hentry"],"aioseo_notices":[],"_links":{"self":[{"href":"https:\/\/fondation.cegepgarneau.ca\/index.php\/wp-json\/wp\/v2\/pages\/3541","targetHints":{"allow":["GET"]}}],"collection":[{"href":"https:\/\/fondation.cegepgarneau.ca\/index.php\/wp-json\/wp\/v2\/pages"}],"about":[{"href":"https:\/\/fondation.cegepgarneau.ca\/index.php\/wp-json\/wp\/v2\/types\/page"}],"author":[{"embeddable":true,"href":"https:\/\/fondation.cegepgarneau.ca\/index.php\/wp-json\/wp\/v2\/users\/1"}],"replies":[{"embeddable":true,"href":"https:\/\/fondation.cegepgarneau.ca\/index.php\/wp-json\/wp\/v2\/comments?post=3541"}],"version-history":[{"count":31,"href":"https:\/\/fondation.cegepgarneau.ca\/index.php\/wp-json\/wp\/v2\/pages\/3541\/revisions"}],"predecessor-version":[{"id":3895,"href":"https:\/\/fondation.cegepgarneau.ca\/index.php\/wp-json\/wp\/v2\/pages\/3541\/revisions\/3895"}],"wp:attachment":[{"href":"https:\/\/fondation.cegepgarneau.ca\/index.php\/wp-json\/wp\/v2\/media?parent=3541"}],"curies":[{"name":"wp","href":"https:\/\/api.w.org\/{rel}","templated":true}]}}