{"id":3607,"date":"2026-01-13T08:58:00","date_gmt":"2026-01-13T13:58:00","guid":{"rendered":"https:\/\/fondation.cegepgarneau.ca\/?page_id=3607"},"modified":"2026-01-20T15:35:26","modified_gmt":"2026-01-20T20:35:26","slug":"bourses-dentree-septembre-2025-2","status":"publish","type":"page","link":"https:\/\/fondation.cegepgarneau.ca\/index.php\/bourses-dentree-septembre-2025-2\/","title":{"rendered":"Bourses d&rsquo;entr\u00e9e, septembre 2025"},"content":{"rendered":"<p>[et_pb_section fb_built=\u00a0\u00bb1&Prime; _builder_version=\u00a0\u00bb4.23.4&Prime; _module_preset=\u00a0\u00bbdefault\u00a0\u00bb custom_padding=\u00a0\u00bb60px||0px|||\u00a0\u00bb global_colors_info=\u00a0\u00bb{}\u00a0\u00bb][et_pb_row _builder_version=\u00a0\u00bb4.16&Prime; _module_preset=\u00a0\u00bbdefault\u00a0\u00bb custom_padding=\u00a0\u00bb30px||30px|||\u00a0\u00bb global_colors_info=\u00a0\u00bb{}\u00a0\u00bb][et_pb_column type=\u00a0\u00bb4_4&Prime; _builder_version=\u00a0\u00bb4.16&Prime; _module_preset=\u00a0\u00bbdefault\u00a0\u00bb global_colors_info=\u00a0\u00bb{}\u00a0\u00bb][et_pb_text _builder_version=\u00a0\u00bb4.27.3&Prime; _module_preset=\u00a0\u00bbdefault\u00a0\u00bb text_font_size=\u00a0\u00bb30px\u00a0\u00bb global_colors_info=\u00a0\u00bb{}\u00a0\u00bb]<\/p>\n<p class=\"cvGsUA direction-ltr align-start para-style-body\"><span class=\"OYPEnA text-decoration-none text-strikethrough-none\">SOULIGNONS LA D\u00c9TERMINATION<\/span><\/p>\n<p>[\/et_pb_text][\/et_pb_column][\/et_pb_row][\/et_pb_section][et_pb_section fb_built=\u00a0\u00bb1&Prime; _builder_version=\u00a0\u00bb4.23.4&Prime; _module_preset=\u00a0\u00bbdefault\u00a0\u00bb custom_padding=\u00a0\u00bb0px||60px|||\u00a0\u00bb global_colors_info=\u00a0\u00bb{}\u00a0\u00bb][et_pb_row _builder_version=\u00a0\u00bb4.23.4&Prime; _module_preset=\u00a0\u00bbdefault\u00a0\u00bb custom_padding=\u00a0\u00bb0px||30px|||\u00a0\u00bb global_colors_info=\u00a0\u00bb{}\u00a0\u00bb][et_pb_column type=\u00a0\u00bb4_4&Prime; _builder_version=\u00a0\u00bb4.23.4&Prime; _module_preset=\u00a0\u00bbdefault\u00a0\u00bb global_colors_info=\u00a0\u00bb{}\u00a0\u00bb][et_pb_image src=\u00a0\u00bbhttps:\/\/fondation.cegepgarneau.ca\/wp-content\/uploads\/2026\/01\/BE.png\u00a0\u00bb title_text=\u00a0\u00bbBE\u00a0\u00bb _builder_version=\u00a0\u00bb4.27.4&Prime; _module_preset=\u00a0\u00bbdefault\u00a0\u00bb hover_enabled=\u00a0\u00bb0&Prime; global_colors_info=\u00a0\u00bb{}\u00a0\u00bb sticky_enabled=\u00a0\u00bb0&Prime;][\/et_pb_image][\/et_pb_column][\/et_pb_row][et_pb_row _builder_version=\u00a0\u00bb4.16&Prime; _module_preset=\u00a0\u00bbdefault\u00a0\u00bb custom_padding=\u00a0\u00bb0px|||||\u00a0\u00bb global_colors_info=\u00a0\u00bb{}\u00a0\u00bb][et_pb_column type=\u00a0\u00bb4_4&Prime; _builder_version=\u00a0\u00bb4.16&Prime; _module_preset=\u00a0\u00bbdefault\u00a0\u00bb global_colors_info=\u00a0\u00bb{}\u00a0\u00bb][et_pb_text _builder_version=\u00a0\u00bb4.27.4&Prime; _module_preset=\u00a0\u00bbdefault\u00a0\u00bb text_text_color=\u00a0\u00bb#7ac143&Prime; text_font_size=\u00a0\u00bb30px\u00a0\u00bb global_colors_info=\u00a0\u00bb{}\u00a0\u00bb]<\/p>\n<p><span>L\u2019APPEL DE CANDIDATURES 2025-2026 EST MAINTENANT TERMIN\u00c9 !<\/span><\/p>\n<p>[\/et_pb_text][et_pb_text _builder_version=\u00a0\u00bb4.27.4&Prime; _module_preset=\u00a0\u00bbdefault\u00a0\u00bb text_text_color=\u00a0\u00bb#7ac143&Prime; text_font_size=\u00a0\u00bb30px\u00a0\u00bb global_colors_info=\u00a0\u00bb{}\u00a0\u00bb]<\/p>\n<p><span style=\"color: #ff0000;\">DE RETOUR EN SEPTEMBRE 2026 !<\/span><\/p>\n<p>[\/et_pb_text][\/et_pb_column][\/et_pb_row][et_pb_row _builder_version=\u00a0\u00bb4.16&Prime; _module_preset=\u00a0\u00bbdefault\u00a0\u00bb custom_margin=\u00a0\u00bb|auto|0px|auto||\u00a0\u00bb custom_padding=\u00a0\u00bb0px||60px|4px||\u00a0\u00bb global_colors_info=\u00a0\u00bb{}\u00a0\u00bb][et_pb_column type=\u00a0\u00bb4_4&Prime; _builder_version=\u00a0\u00bb4.16&Prime; _module_preset=\u00a0\u00bbdefault\u00a0\u00bb global_colors_info=\u00a0\u00bb{}\u00a0\u00bb][et_pb_text _builder_version=\u00a0\u00bb4.27.3&Prime; _module_preset=\u00a0\u00bbdefault\u00a0\u00bb global_colors_info=\u00a0\u00bb{}\u00a0\u00bb]<\/p>\n<p><span style=\"color: #7ac143;\"><strong>Bienvenue au C\u00e9gep Garneau !<br \/>D\u00e9couvrez notre premier volet du Programme de bourses de la Fondation : les bourses d&rsquo;entr\u00e9e !<br \/><\/strong><\/span><\/p>\n<p>Nous sommes choy\u00e9s de savoir que vous avez choisi le C\u00e9gep Garneau pour poursuivre votre parcours scolaire.<br \/>C\u2019est avec un \u00e9norme sentiment de fiert\u00e9 que nous vous accueillons pour cette nouvelle aventure !<\/p>\n<p>Pour souligner votre arriv\u00e9e, c\u2019est avec enthousiasme qu&rsquo;\u00e0 chaque rentr\u00e9e scolaire, \u00e0 la session d&rsquo;automne, nous vous pr\u00e9sentons le premier volet de notre programme de bourses : les bourses d\u2019entr\u00e9e.<\/p>\n<p>Ces bourses visent \u00e0 r\u00e9compenser vos efforts et votre motivation \u00e0 poursuivre votre parcours au coll\u00e9gial au C\u00e9gep Garneau, en plus de souligner vos succ\u00e8s scolaires, votre pers\u00e9v\u00e9rance, vos talents et votre engagement dans la communaut\u00e9.<\/p>\n<p>Nous remercions chaleureusement nos pr\u00e9cieux partenaires : Monsieur Paul Reny, <a href=\"https:\/\/www.facebook.com\/caissePlateauMontcalm\/\">Desjardins, Caisse du Plateau Montcalm<\/a>, l\u2019<a href=\"https:\/\/associationdesparents.wordpress.com\/\">Association des parents du C\u00e9gep Garneau<\/a>, l\u2019<a href=\"https:\/\/www.assofxg.com\/\">Association \u00e9tudiante du C\u00e9gep Garneau<\/a> et la <a href=\"https:\/\/fc.cegepgarneau.ca\/\">Direction de la Formation continue du C\u00e9gep Garneau <\/a>qui comme la Fondation, ont \u00e0 c\u0153ur votre r\u00e9ussite.<\/p>\n<p>Sachez que c\u2019est avec plaisir que nous vous accompagnerons tout au long de votre passage \u00e0 Garneau.<\/p>\n<p>Nous vous souhaitons bon succ\u00e8s dans vos projets scolaires et personnels. \u00c0 bient\u00f4t !<\/p>\n<p>[\/et_pb_text][\/et_pb_column][\/et_pb_row][et_pb_row column_structure=\u00a0\u00bb1_2,1_2&Prime; _builder_version=\u00a0\u00bb4.27.4&Prime; _module_preset=\u00a0\u00bbdefault\u00a0\u00bb global_colors_info=\u00a0\u00bb{}\u00a0\u00bb][et_pb_column type=\u00a0\u00bb1_2&Prime; _builder_version=\u00a0\u00bb4.27.4&Prime; _module_preset=\u00a0\u00bbdefault\u00a0\u00bb global_colors_info=\u00a0\u00bb{}\u00a0\u00bb][et_pb_image src=\u00a0\u00bbhttps:\/\/fondation.cegepgarneau.ca\/wp-content\/uploads\/2026\/01\/BE-Programme.png\u00a0\u00bb title_text=\u00a0\u00bbBE &#8211; Programme\u00a0\u00bb _builder_version=\u00a0\u00bb4.27.4&Prime; _module_preset=\u00a0\u00bbdefault\u00a0\u00bb hover_enabled=\u00a0\u00bb0&Prime; global_colors_info=\u00a0\u00bb{}\u00a0\u00bb sticky_enabled=\u00a0\u00bb0&Prime;][\/et_pb_image][\/et_pb_column][et_pb_column type=\u00a0\u00bb1_2&Prime; _builder_version=\u00a0\u00bb4.27.4&Prime; _module_preset=\u00a0\u00bbdefault\u00a0\u00bb global_colors_info=\u00a0\u00bb{}\u00a0\u00bb][et_pb_image src=\u00a0\u00bbhttps:\/\/fondation.cegepgarneau.ca\/wp-content\/uploads\/2026\/01\/BE-Formulaire-1.png\u00a0\u00bb title_text=\u00a0\u00bbBE &#8211; Formulaire\u00a0\u00bb _builder_version=\u00a0\u00bb4.27.4&Prime; _module_preset=\u00a0\u00bbdefault\u00a0\u00bb hover_enabled=\u00a0\u00bb0&Prime; global_colors_info=\u00a0\u00bb{}\u00a0\u00bb sticky_enabled=\u00a0\u00bb0&Prime;][\/et_pb_image][\/et_pb_column][\/et_pb_row][et_pb_row _builder_version=\u00a0\u00bb4.27.4&Prime; _module_preset=\u00a0\u00bbdefault\u00a0\u00bb global_colors_info=\u00a0\u00bb{}\u00a0\u00bb][et_pb_column type=\u00a0\u00bb4_4&Prime; _builder_version=\u00a0\u00bb4.27.4&Prime; _module_preset=\u00a0\u00bbdefault\u00a0\u00bb global_colors_info=\u00a0\u00bb{}\u00a0\u00bb][et_pb_text _builder_version=\u00a0\u00bb4.27.4&Prime; _module_preset=\u00a0\u00bbdefault\u00a0\u00bb global_colors_info=\u00a0\u00bb{}\u00a0\u00bb]<\/p>\n<p style=\"text-align: center;\"><span style=\"color: #ff0000;\">L&rsquo;appel de candidatures 2025-2026 est maintenant termin\u00e9 ! Nous serons de retour en septembre 2026.<\/span><\/p>\n<p>[\/et_pb_text][\/et_pb_column][\/et_pb_row][\/et_pb_section]<\/p>\n","protected":false},"excerpt":{"rendered":"<p>SOULIGNONS LA D\u00c9TERMINATIONL\u2019APPEL DE CANDIDATURES 2025-2026 EST MAINTENANT TERMIN\u00c9 !DE RETOUR EN SEPTEMBRE 2026 !Bienvenue au C\u00e9gep Garneau !D\u00e9couvrez notre premier volet du Programme de bourses de la Fondation : les bourses d&rsquo;entr\u00e9e ! Nous sommes choy\u00e9s de savoir que vous avez choisi le C\u00e9gep Garneau pour poursuivre votre parcours scolaire.C\u2019est avec un \u00e9norme sentiment [&hellip;]<\/p>\n","protected":false},"author":1,"featured_media":0,"parent":0,"menu_order":0,"comment_status":"closed","ping_status":"closed","template":"","meta":{"_et_pb_use_builder":"on","_et_pb_old_content":"","_et_gb_content_width":"","om_disable_all_campaigns":false,"_monsterinsights_skip_tracking":false,"_monsterinsights_sitenote_active":false,"_monsterinsights_sitenote_note":"","_monsterinsights_sitenote_category":0,"footnotes":""},"class_list":["post-3607","page","type-page","status-publish","hentry"],"aioseo_notices":[],"_links":{"self":[{"href":"https:\/\/fondation.cegepgarneau.ca\/index.php\/wp-json\/wp\/v2\/pages\/3607","targetHints":{"allow":["GET"]}}],"collection":[{"href":"https:\/\/fondation.cegepgarneau.ca\/index.php\/wp-json\/wp\/v2\/pages"}],"about":[{"href":"https:\/\/fondation.cegepgarneau.ca\/index.php\/wp-json\/wp\/v2\/types\/page"}],"author":[{"embeddable":true,"href":"https:\/\/fondation.cegepgarneau.ca\/index.php\/wp-json\/wp\/v2\/users\/1"}],"replies":[{"embeddable":true,"href":"https:\/\/fondation.cegepgarneau.ca\/index.php\/wp-json\/wp\/v2\/comments?post=3607"}],"version-history":[{"count":12,"href":"https:\/\/fondation.cegepgarneau.ca\/index.php\/wp-json\/wp\/v2\/pages\/3607\/revisions"}],"predecessor-version":[{"id":3855,"href":"https:\/\/fondation.cegepgarneau.ca\/index.php\/wp-json\/wp\/v2\/pages\/3607\/revisions\/3855"}],"wp:attachment":[{"href":"https:\/\/fondation.cegepgarneau.ca\/index.php\/wp-json\/wp\/v2\/media?parent=3607"}],"curies":[{"name":"wp","href":"https:\/\/api.w.org\/{rel}","templated":true}]}}